{"id":100,"date":"2024-11-15T06:19:44","date_gmt":"2024-11-15T06:19:44","guid":{"rendered":"https:\/\/demo.blockskit.com\/construction\/?page_id=221"},"modified":"2024-12-26T21:57:45","modified_gmt":"2024-12-26T21:57:45","slug":"about-us","status":"publish","type":"page","link":"https:\/\/fulltechnologysystems.com\/en\/about-us\/","title":{"rendered":"ABOUT US"},"content":{"rendered":"<div class=\"wp-block-group has-global-padding is-layout-constrained wp-block-group-is-layout-constrained\" style=\"margin-top:var(--wp--preset--spacing--xx-large);margin-bottom:var(--wp--preset--spacing--xx-large)\"><div class=\"wp-block-columns is-layout-flex wp-container-core-columns-is-layout-d7c76d31 wp-block-columns-is-layout-flex\"><div class=\"wp-block-column is-vertically-aligned-top is-layout-flow wp-container-core-column-is-layout-0a386c5a wp-block-column-is-layout-flow\" style=\"flex-basis:50%\"><div class=\"wp-block-group has-global-padding is-layout-constrained wp-container-core-group-is-layout-f5f3bcb8 wp-block-group-is-layout-constrained\"><div class=\"wp-block-group is-nowrap is-layout-flex wp-container-core-group-is-layout-6c531013 wp-block-group-is-layout-flex\"><h6 class=\"wp-block-heading has-highlight-color has-text-color has-link-color has-x-small-font-size wp-elements-6db6ceba8615ccd938f1f71e4b49eef9\">INTRODUCCION A FTS<\/h6>\n\n<hr class=\"wp-block-separator has-text-color has-highlight-color has-alpha-channel-opacity has-highlight-background-color has-background is-style-wide wp-container-content-e1bb55cb\"\/><\/div>\n\n<h2 class=\"wp-block-heading\" style=\"line-height:1.1\">Solving complex technology projects for decades.<\/h2>\n\n<p>At Full Technology Systems (FTS) we specialize in delivering turnkey automation projects, electromechanical infrastructure and comprehensive maintenance services.<\/p><\/div>\n\n<figure class=\"wp-block-image size-full\"><img loading=\"lazy\" decoding=\"async\" width=\"820\" height=\"547\" src=\"https:\/\/fulltechnologysystems.com\/wp-content\/uploads\/2024\/12\/img_1023-1024x683-1-edited.jpg\" alt=\"\" class=\"wp-image-436\" srcset=\"https:\/\/fulltechnologysystems.com\/wp-content\/uploads\/2024\/12\/img_1023-1024x683-1-edited.jpg 820w, https:\/\/fulltechnologysystems.com\/wp-content\/uploads\/2024\/12\/img_1023-1024x683-1-edited-300x200.jpg 300w, https:\/\/fulltechnologysystems.com\/wp-content\/uploads\/2024\/12\/img_1023-1024x683-1-edited-768x512.jpg 768w\" sizes=\"auto, (max-width: 820px) 100vw, 820px\" \/><\/figure>\n\n<p>Our mission is to optimize industrial processes through innovative technology, ensuring efficiency, reliability and excellence. We pride ourselves on our attention to detail, customer satisfaction and customized solutions for complex needs.<br><br>With a qualified team and experience in various sectors, we offer end-to-end project management, from design and engineering to execution and commissioning. At FTS, we don't just create solutions: we create partnerships, driving industrial transformation.<\/p>\n\n<div class=\"wp-block-group is-layout-flex wp-container-core-group-is-layout-3ee848cb wp-block-group-is-layout-flex\" style=\"margin-top:var(--wp--preset--spacing--medium)\"><div class=\"wp-block-buttons wp-container-content-b864c3d2 is-content-justification-left is-layout-flex wp-container-core-buttons-is-layout-fc4fd283 wp-block-buttons-is-layout-flex\"><div class=\"wp-block-button\"><a class=\"wp-block-button__link wp-element-button\" href=\"https:\/\/ftsmx0-my.sharepoint.com\/:b:\/g\/personal\/bethania_fts_mx\/EXDR3yswfBJKseUHEWzKQnkBp_BFJKTJPQ_lmXER4tkFoQ?e=ABYUzG\" style=\"border-radius:5px;padding-top:20px;padding-right:var(--wp--preset--spacing--medium);padding-bottom:20px;padding-left:var(--wp--preset--spacing--medium)\">LEARN MORE<\/a><\/div><\/div>\n\n<div class=\"wp-block-group wp-container-content-9cfa9a5a has-global-padding is-layout-constrained wp-container-core-group-is-layout-990378a1 wp-block-group-is-layout-constrained\"><div class=\"wp-block-media-text\" style=\"margin-right:0;margin-left:0;padding-right:0;padding-left:0;grid-template-columns:18% auto\"><figure class=\"wp-block-media-text__media\"><img decoding=\"async\" src=\"https:\/\/fulltechnologysystems.com\/wp-content\/uploads\/2024\/11\/about-img6-4.png\" alt=\"\" class=\"wp-image-162 size-full\"\/><\/figure><div class=\"wp-block-media-text__content\"><div class=\"wp-block-group has-global-padding is-layout-constrained wp-container-core-group-is-layout-c40a8074 wp-block-group-is-layout-constrained\"><p class=\"has-x-small-font-size\">24*7 TECHNICAL SUPPORT<\/p>\n\n<h4 class=\"wp-block-heading\">+52 81 23 580501<\/h4><\/div><\/div><\/div><\/div><\/div><\/div>\n\n<div class=\"wp-block-column is-vertically-aligned-top is-layout-flow wp-block-column-is-layout-flow\" style=\"flex-basis:50%\"><figure class=\"wp-block-image size-large is-resized\"><img loading=\"lazy\" decoding=\"async\" width=\"584\" height=\"1039\" src=\"https:\/\/fulltechnologysystems.com\/wp-content\/uploads\/2024\/12\/WhatsApp-Image-2024-12-22-at-11.13.03-1-edited.jpeg\" alt=\"\" class=\"wp-image-439\" style=\"width:322px;height:auto\" srcset=\"https:\/\/fulltechnologysystems.com\/wp-content\/uploads\/2024\/12\/WhatsApp-Image-2024-12-22-at-11.13.03-1-edited.jpeg 584w, https:\/\/fulltechnologysystems.com\/wp-content\/uploads\/2024\/12\/WhatsApp-Image-2024-12-22-at-11.13.03-1-edited-169x300.jpeg 169w, https:\/\/fulltechnologysystems.com\/wp-content\/uploads\/2024\/12\/WhatsApp-Image-2024-12-22-at-11.13.03-1-edited-576x1024.jpeg 576w\" sizes=\"auto, (max-width: 584px) 100vw, 584px\" \/><\/figure>\n\n<p class=\"has-small-font-size\" style=\"margin-top:var(--wp--preset--spacing--medium);margin-bottom:var(--wp--preset--spacing--medium)\">FTS has expanded its operations from Mexico to the United States, working with global industry leaders such as Mondelez, BIC and Mattel among others. <\/p>\n\n<p class=\"has-small-font-size\" style=\"margin-top:var(--wp--preset--spacing--medium);margin-bottom:var(--wp--preset--spacing--medium)\"><\/p>\n\n<div class=\"wp-block-columns is-layout-flex wp-container-core-columns-is-layout-a4fa4f99 wp-block-columns-is-layout-flex\" style=\"margin-top:var(--wp--preset--spacing--medium);margin-bottom:var(--wp--preset--spacing--medium)\"><div class=\"wp-block-column is-vertically-aligned-center is-layout-flow wp-block-column-is-layout-flow\" style=\"flex-basis:45%\"><ul class=\"wp-block-list has-medium-font-size wp-container-content-9ecdb5e9\"><li>Customer Focus<\/li>\n\n<li>High Commitment<\/li>\n\n<li>Project Quality<\/li>\n\n<li>Relaciones a largo plazo<\/li><\/ul><\/div>\n\n<div class=\"wp-block-column is-layout-flow wp-block-column-is-layout-flow\" style=\"flex-basis:55%\"><div class=\"wp-block-group has-border-color has-outline-border-color has-light-background-color has-background has-global-padding is-layout-constrained wp-container-core-group-is-layout-1a531f90 wp-block-group-is-layout-constrained\" style=\"border-width:2px;border-radius:10px;padding-top:var(--wp--preset--spacing--small);padding-right:var(--wp--preset--spacing--small);padding-bottom:var(--wp--preset--spacing--small);padding-left:var(--wp--preset--spacing--small)\"><div class=\"wp-block-group is-nowrap is-layout-flex wp-container-core-group-is-layout-6c531013 wp-block-group-is-layout-flex\"><h2 class=\"wp-block-heading wp-container-content-06f487a6\">10+<\/h2>\n\n<p class=\"has-x-small-font-size\">YEARS OF EXPERIENCE<\/p><\/div>\n\n<p class=\"has-highlight-color has-text-color has-link-color wp-elements-b7794f39c13236553f7d2b8448098444\">( 4.8 customer rating )<\/p><\/div><\/div><\/div><\/div><\/div><\/div><hr class=\"wp-block-separator has-alpha-channel-opacity\"\/><div class=\"wp-block-columns has-secondary-accent-background-color has-background has-x-small-font-size is-layout-flex wp-container-core-columns-is-layout-318252f0 wp-block-columns-is-layout-flex\" style=\"border-radius:0px\"><div class=\"wp-block-column is-layout-flow wp-container-core-column-is-layout-c7b3064f wp-block-column-is-layout-flow\" style=\"flex-basis:48%\"><div class=\"wp-block-group is-content-justification-center is-layout-flex wp-container-core-group-is-layout-656ef49e wp-block-group-is-layout-flex\"><figure class=\"wp-block-image size-full is-resized\"><img loading=\"lazy\" decoding=\"async\" width=\"800\" height=\"550\" src=\"https:\/\/fulltechnologysystems.com\/wp-content\/uploads\/2024\/12\/logo-gepp.jpg\" alt=\"\" class=\"wp-image-220\" style=\"width:172px;height:auto\" srcset=\"https:\/\/fulltechnologysystems.com\/wp-content\/uploads\/2024\/12\/logo-gepp.jpg 800w, https:\/\/fulltechnologysystems.com\/wp-content\/uploads\/2024\/12\/logo-gepp-300x206.jpg 300w, https:\/\/fulltechnologysystems.com\/wp-content\/uploads\/2024\/12\/logo-gepp-768x528.jpg 768w\" sizes=\"auto, (max-width: 800px) 100vw, 800px\" \/><\/figure>\n\n<figure class=\"wp-block-image size-full is-resized\"><img loading=\"lazy\" decoding=\"async\" width=\"395\" height=\"389\" src=\"https:\/\/fulltechnologysystems.com\/wp-content\/uploads\/2024\/12\/mercado-libre-logo-0233EC77C6-seeklogo.com_-1.png\" alt=\"\" class=\"wp-image-214\" style=\"width:130px;height:auto\" srcset=\"https:\/\/fulltechnologysystems.com\/wp-content\/uploads\/2024\/12\/mercado-libre-logo-0233EC77C6-seeklogo.com_-1.png 395w, https:\/\/fulltechnologysystems.com\/wp-content\/uploads\/2024\/12\/mercado-libre-logo-0233EC77C6-seeklogo.com_-1-300x295.png 300w\" sizes=\"auto, (max-width: 395px) 100vw, 395px\" \/><\/figure>\n\n<figure class=\"wp-block-image size-large is-resized\"><img loading=\"lazy\" decoding=\"async\" width=\"1021\" height=\"1024\" src=\"https:\/\/fulltechnologysystems.com\/wp-content\/uploads\/2024\/12\/Mattel_logo.svg_-1021x1024.png\" alt=\"\" class=\"wp-image-216\" style=\"width:100px;height:auto\" srcset=\"https:\/\/fulltechnologysystems.com\/wp-content\/uploads\/2024\/12\/Mattel_logo.svg_-1021x1024.png 1021w, https:\/\/fulltechnologysystems.com\/wp-content\/uploads\/2024\/12\/Mattel_logo.svg_-300x300.png 300w, https:\/\/fulltechnologysystems.com\/wp-content\/uploads\/2024\/12\/Mattel_logo.svg_-150x150.png 150w, https:\/\/fulltechnologysystems.com\/wp-content\/uploads\/2024\/12\/Mattel_logo.svg_-768x771.png 768w, https:\/\/fulltechnologysystems.com\/wp-content\/uploads\/2024\/12\/Mattel_logo.svg_.png 1200w\" sizes=\"auto, (max-width: 1021px) 100vw, 1021px\" \/><\/figure><\/div>\n\n<div class=\"wp-block-group is-content-justification-center is-layout-flex wp-container-core-group-is-layout-656ef49e wp-block-group-is-layout-flex\"><figure class=\"wp-block-image size-large is-resized\"><img loading=\"lazy\" decoding=\"async\" width=\"1024\" height=\"188\" src=\"https:\/\/fulltechnologysystems.com\/wp-content\/uploads\/2024\/12\/Clarios_Logo-1024x188.jpg\" alt=\"\" class=\"wp-image-221\" style=\"width:251px;height:auto\" srcset=\"https:\/\/fulltechnologysystems.com\/wp-content\/uploads\/2024\/12\/Clarios_Logo-1024x188.jpg 1024w, https:\/\/fulltechnologysystems.com\/wp-content\/uploads\/2024\/12\/Clarios_Logo-300x55.jpg 300w, https:\/\/fulltechnologysystems.com\/wp-content\/uploads\/2024\/12\/Clarios_Logo-768x141.jpg 768w, https:\/\/fulltechnologysystems.com\/wp-content\/uploads\/2024\/12\/Clarios_Logo.jpg 1053w\" sizes=\"auto, (max-width: 1024px) 100vw, 1024px\" \/><\/figure>\n\n<figure class=\"wp-block-image size-large is-resized\"><img loading=\"lazy\" decoding=\"async\" width=\"1024\" height=\"255\" src=\"https:\/\/fulltechnologysystems.com\/wp-content\/uploads\/2024\/12\/Chemische_Fabrik_Budenheim_logo.svg_-1-1024x255.png\" alt=\"\" class=\"wp-image-222\" style=\"width:213px;height:auto\" srcset=\"https:\/\/fulltechnologysystems.com\/wp-content\/uploads\/2024\/12\/Chemische_Fabrik_Budenheim_logo.svg_-1-1024x255.png 1024w, https:\/\/fulltechnologysystems.com\/wp-content\/uploads\/2024\/12\/Chemische_Fabrik_Budenheim_logo.svg_-1-300x75.png 300w, https:\/\/fulltechnologysystems.com\/wp-content\/uploads\/2024\/12\/Chemische_Fabrik_Budenheim_logo.svg_-1-768x191.png 768w, https:\/\/fulltechnologysystems.com\/wp-content\/uploads\/2024\/12\/Chemische_Fabrik_Budenheim_logo.svg_-1-1536x383.png 1536w, https:\/\/fulltechnologysystems.com\/wp-content\/uploads\/2024\/12\/Chemische_Fabrik_Budenheim_logo.svg_-1-2048x510.png 2048w\" sizes=\"auto, (max-width: 1024px) 100vw, 1024px\" \/><\/figure>\n\n<figure class=\"wp-block-image size-full is-resized\"><img loading=\"lazy\" decoding=\"async\" width=\"867\" height=\"354\" src=\"https:\/\/fulltechnologysystems.com\/wp-content\/uploads\/2024\/12\/WhatsApp-Image-2024-12-16-at-11.16.34-1.jpeg\" alt=\"\" class=\"wp-image-223\" style=\"width:255px;height:auto\" srcset=\"https:\/\/fulltechnologysystems.com\/wp-content\/uploads\/2024\/12\/WhatsApp-Image-2024-12-16-at-11.16.34-1.jpeg 867w, https:\/\/fulltechnologysystems.com\/wp-content\/uploads\/2024\/12\/WhatsApp-Image-2024-12-16-at-11.16.34-1-300x122.jpeg 300w, https:\/\/fulltechnologysystems.com\/wp-content\/uploads\/2024\/12\/WhatsApp-Image-2024-12-16-at-11.16.34-1-768x314.jpeg 768w\" sizes=\"auto, (max-width: 867px) 100vw, 867px\" \/><\/figure>\n\n<figure class=\"wp-block-image size-full is-resized\"><img loading=\"lazy\" decoding=\"async\" width=\"500\" height=\"117\" src=\"https:\/\/fulltechnologysystems.com\/wp-content\/uploads\/2024\/12\/cropped-PRIMARY500px.webp\" alt=\"\" class=\"wp-image-224\" style=\"width:167px;height:auto\" srcset=\"https:\/\/fulltechnologysystems.com\/wp-content\/uploads\/2024\/12\/cropped-PRIMARY500px.webp 500w, https:\/\/fulltechnologysystems.com\/wp-content\/uploads\/2024\/12\/cropped-PRIMARY500px-300x70.webp 300w\" sizes=\"auto, (max-width: 500px) 100vw, 500px\" \/><\/figure>\n\n<figure class=\"wp-block-image size-full is-resized\"><img loading=\"lazy\" decoding=\"async\" width=\"900\" height=\"500\" src=\"https:\/\/fulltechnologysystems.com\/wp-content\/uploads\/2024\/12\/ignition-by-inductive-automation-logo-vector.png\" alt=\"\" class=\"wp-image-225\" style=\"width:167px;height:auto\" srcset=\"https:\/\/fulltechnologysystems.com\/wp-content\/uploads\/2024\/12\/ignition-by-inductive-automation-logo-vector.png 900w, https:\/\/fulltechnologysystems.com\/wp-content\/uploads\/2024\/12\/ignition-by-inductive-automation-logo-vector-300x167.png 300w, https:\/\/fulltechnologysystems.com\/wp-content\/uploads\/2024\/12\/ignition-by-inductive-automation-logo-vector-768x427.png 768w\" sizes=\"auto, (max-width: 900px) 100vw, 900px\" \/><\/figure>\n\n<figure class=\"wp-block-image size-large is-resized\"><img loading=\"lazy\" decoding=\"async\" width=\"1024\" height=\"791\" src=\"https:\/\/fulltechnologysystems.com\/wp-content\/uploads\/2024\/12\/Cognex-logo-1-1024x791.jpg\" alt=\"\" class=\"wp-image-226\" style=\"width:137px;height:auto\" srcset=\"https:\/\/fulltechnologysystems.com\/wp-content\/uploads\/2024\/12\/Cognex-logo-1-1024x791.jpg 1024w, https:\/\/fulltechnologysystems.com\/wp-content\/uploads\/2024\/12\/Cognex-logo-1-300x232.jpg 300w, https:\/\/fulltechnologysystems.com\/wp-content\/uploads\/2024\/12\/Cognex-logo-1-768x593.jpg 768w, https:\/\/fulltechnologysystems.com\/wp-content\/uploads\/2024\/12\/Cognex-logo-1-1536x1187.jpg 1536w, https:\/\/fulltechnologysystems.com\/wp-content\/uploads\/2024\/12\/Cognex-logo-1.jpg 1650w\" sizes=\"auto, (max-width: 1024px) 100vw, 1024px\" \/><\/figure><\/div><\/div>\n\n<div class=\"wp-block-column is-vertically-aligned-center is-layout-flow wp-block-column-is-layout-flow\" style=\"flex-basis:52%\"><div class=\"wp-block-group has-global-padding is-layout-constrained wp-container-core-group-is-layout-f5f3bcb8 wp-block-group-is-layout-constrained\"><div class=\"wp-block-group is-nowrap is-layout-flex wp-container-core-group-is-layout-6c531013 wp-block-group-is-layout-flex\"><h6 class=\"wp-block-heading has-highlight-color has-text-color has-link-color has-x-small-font-size wp-elements-18ee26cd49ca43ad48f3e5164296a20a\">CLIENTS Y PARTNERS<\/h6>\n\n<hr class=\"wp-block-separator has-text-color has-highlight-color has-alpha-channel-opacity has-highlight-background-color has-background is-style-wide wp-container-content-e1bb55cb\"\/><\/div>\n\n<h2 class=\"wp-block-heading\" style=\"line-height:1.1\">Clients and Partners recognized worldwide.<\/h2>\n\n<p><\/p><\/div><\/div><\/div><p><\/p>","protected":false},"excerpt":{"rendered":"<p>INTRODUCCION A FTS Resolviendo proyectos de tecnolog\u00eda complejos por d\u00e9cadas. En Full Technology Systems (FTS) nos especializamos en entregar proyectos e llave en mano de automatizaci\u00f3n, infraestructura electromec\u00e1nica y servicios integrales de mantenimiento Nuestra misi\u00f3n es optimizar los procesos industriales a trav\u00e9s de tecnolog\u00eda innovadora, asegurando eficiencia, confiabilidad y excelencia. Nos enorgullecemos de nuestra atenci\u00f3n [&hellip;]<\/p>","protected":false},"author":1,"featured_media":0,"parent":0,"menu_order":0,"comment_status":"closed","ping_status":"closed","template":"page-no-gap","meta":{"advanced_seo_description":"","jetpack_seo_html_title":"","jetpack_seo_noindex":false,"_joinchat":[],"footnotes":""},"class_list":["post-100","page","type-page","status-publish","hentry"],"jetpack_sharing_enabled":true,"_links":{"self":[{"href":"https:\/\/fulltechnologysystems.com\/en\/wp-json\/wp\/v2\/pages\/100","targetHints":{"allow":["GET"]}}],"collection":[{"href":"https:\/\/fulltechnologysystems.com\/en\/wp-json\/wp\/v2\/pages"}],"about":[{"href":"https:\/\/fulltechnologysystems.com\/en\/wp-json\/wp\/v2\/types\/page"}],"author":[{"embeddable":true,"href":"https:\/\/fulltechnologysystems.com\/en\/wp-json\/wp\/v2\/users\/1"}],"replies":[{"embeddable":true,"href":"https:\/\/fulltechnologysystems.com\/en\/wp-json\/wp\/v2\/comments?post=100"}],"version-history":[{"count":7,"href":"https:\/\/fulltechnologysystems.com\/en\/wp-json\/wp\/v2\/pages\/100\/revisions"}],"predecessor-version":[{"id":443,"href":"https:\/\/fulltechnologysystems.com\/en\/wp-json\/wp\/v2\/pages\/100\/revisions\/443"}],"wp:attachment":[{"href":"https:\/\/fulltechnologysystems.com\/en\/wp-json\/wp\/v2\/media?parent=100"}],"curies":[{"name":"wp","href":"https:\/\/api.w.org\/{rel}","templated":true}]}}