{"id":102,"date":"2024-11-15T06:19:04","date_gmt":"2024-11-15T06:19:04","guid":{"rendered":"https:\/\/demo.blockskit.com\/construction\/?page_id=230"},"modified":"2025-01-30T16:20:04","modified_gmt":"2025-01-30T16:20:04","slug":"solutions","status":"publish","type":"page","link":"https:\/\/fulltechnologysystems.com\/en\/solutions\/","title":{"rendered":"Services"},"content":{"rendered":"<h2 class=\"wp-block-heading has-text-align-center\">Desarrollamos proyectos llave en mano industriales<\/h2><div class=\"wp-block-columns is-layout-flex wp-container-core-columns-is-layout-f619a8c7 wp-block-columns-is-layout-flex\"><div class=\"wp-block-column is-layout-flow wp-block-column-is-layout-flow\"><figure class=\"wp-block-image is-style-bk-box-shadow-larger\"><img decoding=\"async\" src=\"https:\/\/fulltechnologysystems.com\/wp-content\/uploads\/2024\/12\/Automatizacion-768x1024.jpeg\" alt=\"\"\/><\/figure>\n\n<div class=\"wp-block-group has-global-padding is-layout-constrained wp-block-group-is-layout-constrained has-background\" style=\"border-radius:15px;margin-top:0;margin-bottom:0;padding-top:0;padding-bottom:0;background-image:url(&apos;https:\/\/fulltechnologysystems.com\/wp-content\/uploads\/2024\/11\/service-img1-4.jpg&apos;);background-position:49% 41%;background-size:cover;\"><div class=\"wp-block-group has-background-background-color has-background is-nowrap is-layout-flex wp-container-core-group-is-layout-ab788452 wp-block-group-is-layout-flex\" style=\"border-top-left-radius:50px;border-top-right-radius:50px;border-bottom-left-radius:15px;border-bottom-right-radius:15px;border-bottom-color:var(--wp--preset--color--highlight);border-bottom-width:2px;padding-top:0;padding-right:0;padding-bottom:0;padding-left:0\"><div class=\"wp-block-group wp-container-content-36c51660 is-vertical is-content-justification-center is-nowrap is-layout-flex wp-container-core-group-is-layout-61ab0b23 wp-block-group-is-layout-flex\" style=\"padding-top:0;padding-right:0;padding-bottom:0;padding-left:0\"><div class=\"wp-block-group wp-container-content-9cfa9a5a has-global-padding is-layout-constrained wp-container-core-group-is-layout-63577fac wp-block-group-is-layout-constrained\" style=\"border-bottom-color:var(--wp--preset--color--outline);border-bottom-width:1px;padding-top:var(--wp--preset--spacing--medium);padding-right:var(--wp--preset--spacing--x-small);padding-bottom:var(--wp--preset--spacing--x-small);padding-left:var(--wp--preset--spacing--x-small)\"><figure class=\"wp-block-image size-full\"><img decoding=\"async\" src=\"https:\/\/fulltechnologysystems.com\/wp-content\/uploads\/2024\/11\/service-img2-4.png\" alt=\"\" class=\"wp-image-152\"\/><\/figure><\/div>\n\n<div class=\"wp-block-group has-global-padding is-layout-constrained wp-container-core-group-is-layout-4d709dd7 wp-block-group-is-layout-constrained\" style=\"padding-top:0;padding-right:0;padding-bottom:var(--wp--preset--spacing--x-small);padding-left:0\"><figure class=\"wp-block-image size-full\"><a href=\"https:\/\/fulltechnologysystems.com\/en\/AUTOMATION\/\"><img decoding=\"async\" src=\"https:\/\/fulltechnologysystems.com\/wp-content\/uploads\/2024\/11\/service-img7-4.png\" alt=\"\" class=\"wp-image-150\"\/><\/a><\/figure><\/div><\/div>\n\n<div class=\"wp-block-group is-nowrap is-layout-flex wp-container-core-group-is-layout-57237712 wp-block-group-is-layout-flex\" style=\"border-left-color:var(--wp--preset--color--outline);border-left-width:1px;padding-top:var(--wp--preset--spacing--small);padding-right:var(--wp--preset--spacing--medium);padding-bottom:var(--wp--preset--spacing--small);padding-left:var(--wp--preset--spacing--medium)\"><div class=\"wp-block-group has-global-padding is-layout-constrained wp-container-core-group-is-layout-c40a8074 wp-block-group-is-layout-constrained\"><h5 class=\"wp-block-heading\"><strong>AUTOMATION<\/strong><\/h5>\n\n<p>We implement advanced control systems and robotics to optimize your production processes.<\/p><\/div><\/div><\/div><\/div><\/div>\n\n<div class=\"wp-block-column is-layout-flow wp-block-column-is-layout-flow\"><figure class=\"wp-block-image size-full\"><img loading=\"lazy\" decoding=\"async\" width=\"768\" height=\"1024\" src=\"https:\/\/fulltechnologysystems.com\/wp-content\/uploads\/2024\/12\/image.jpeg\" alt=\"\" class=\"wp-image-187\" srcset=\"https:\/\/fulltechnologysystems.com\/wp-content\/uploads\/2024\/12\/image.jpeg 768w, https:\/\/fulltechnologysystems.com\/wp-content\/uploads\/2024\/12\/image-225x300.jpeg 225w\" sizes=\"auto, (max-width: 768px) 100vw, 768px\" \/><\/figure>\n\n<div class=\"wp-block-group has-global-padding is-layout-constrained wp-block-group-is-layout-constrained has-background\" style=\"border-radius:15px;margin-top:0;margin-bottom:0;padding-top:0;padding-bottom:0;background-image:url(&apos;https:\/\/fulltechnologysystems.com\/wp-content\/uploads\/2024\/11\/service-img3-4.jpg&apos;);background-size:cover;\"><div class=\"wp-block-group has-background-background-color has-background is-nowrap is-layout-flex wp-container-core-group-is-layout-ab788452 wp-block-group-is-layout-flex\" style=\"border-top-left-radius:50px;border-top-right-radius:50px;border-bottom-left-radius:15px;border-bottom-right-radius:15px;border-bottom-color:var(--wp--preset--color--highlight);border-bottom-width:2px;padding-top:0;padding-right:0;padding-bottom:0;padding-left:0\"><div class=\"wp-block-group wp-container-content-36c51660 is-vertical is-content-justification-center is-nowrap is-layout-flex wp-container-core-group-is-layout-61ab0b23 wp-block-group-is-layout-flex\" style=\"padding-top:0;padding-right:0;padding-bottom:0;padding-left:0\"><div class=\"wp-block-group wp-container-content-9cfa9a5a has-global-padding is-layout-constrained wp-container-core-group-is-layout-63577fac wp-block-group-is-layout-constrained\" style=\"border-bottom-color:var(--wp--preset--color--outline);border-bottom-width:1px;padding-top:var(--wp--preset--spacing--medium);padding-right:var(--wp--preset--spacing--x-small);padding-bottom:var(--wp--preset--spacing--x-small);padding-left:var(--wp--preset--spacing--x-small)\"><figure class=\"wp-block-image size-full\"><img decoding=\"async\" src=\"https:\/\/fulltechnologysystems.com\/wp-content\/uploads\/2024\/11\/service-img4-4.png\" alt=\"\" class=\"wp-image-153\"\/><\/figure><\/div>\n\n<div class=\"wp-block-group has-global-padding is-layout-constrained wp-container-core-group-is-layout-4d709dd7 wp-block-group-is-layout-constrained\" style=\"padding-top:0;padding-right:0;padding-bottom:var(--wp--preset--spacing--x-small);padding-left:0\"><figure class=\"wp-block-image size-full\"><a href=\"https:\/\/fulltechnologysystems.com\/en\/infrastructure\/\"><img decoding=\"async\" src=\"https:\/\/fulltechnologysystems.com\/wp-content\/uploads\/2024\/11\/service-img7-4.png\" alt=\"\" class=\"wp-image-150\"\/><\/a><\/figure><\/div><\/div>\n\n<div class=\"wp-block-group is-nowrap is-layout-flex wp-container-core-group-is-layout-57237712 wp-block-group-is-layout-flex\" style=\"border-left-color:var(--wp--preset--color--outline);border-left-width:1px;padding-top:var(--wp--preset--spacing--small);padding-right:var(--wp--preset--spacing--medium);padding-bottom:var(--wp--preset--spacing--small);padding-left:var(--wp--preset--spacing--medium)\"><div class=\"wp-block-group has-global-padding is-layout-constrained wp-container-core-group-is-layout-c40a8074 wp-block-group-is-layout-constrained\"><h5 class=\"wp-block-heading\"><strong>ELECTROMECHANICAL INFRASTRUCTURE<\/strong><\/h5>\n\n<p>We develop and build electromechanical infrastructure projects.<\/p><\/div><\/div><\/div><\/div><\/div>\n\n<div class=\"wp-block-column is-layout-flow wp-block-column-is-layout-flow\"><figure class=\"wp-block-image size-large\"><img loading=\"lazy\" decoding=\"async\" width=\"770\" height=\"1024\" src=\"https:\/\/fulltechnologysystems.com\/wp-content\/uploads\/2024\/12\/Mantenimiento-scaled-e1734652235962-770x1024.jpeg\" alt=\"\" class=\"wp-image-184\" srcset=\"https:\/\/fulltechnologysystems.com\/wp-content\/uploads\/2024\/12\/Mantenimiento-scaled-e1734652235962-770x1024.jpeg 770w, https:\/\/fulltechnologysystems.com\/wp-content\/uploads\/2024\/12\/Mantenimiento-scaled-e1734652235962-226x300.jpeg 226w, https:\/\/fulltechnologysystems.com\/wp-content\/uploads\/2024\/12\/Mantenimiento-scaled-e1734652235962-768x1021.jpeg 768w, https:\/\/fulltechnologysystems.com\/wp-content\/uploads\/2024\/12\/Mantenimiento-scaled-e1734652235962-1155x1536.jpeg 1155w, https:\/\/fulltechnologysystems.com\/wp-content\/uploads\/2024\/12\/Mantenimiento-scaled-e1734652235962.jpeg 1441w\" sizes=\"auto, (max-width: 770px) 100vw, 770px\" \/><\/figure>\n\n<div class=\"wp-block-group has-global-padding is-layout-constrained wp-block-group-is-layout-constrained has-background\" style=\"border-radius:15px;margin-top:0;margin-bottom:0;padding-top:0;padding-bottom:0;background-image:url(&apos;https:\/\/fulltechnologysystems.com\/wp-content\/uploads\/2024\/11\/service-img5-4.jpg&apos;);background-size:cover;\"><div class=\"wp-block-group has-background-background-color has-background is-nowrap is-layout-flex wp-container-core-group-is-layout-ab788452 wp-block-group-is-layout-flex\" style=\"border-top-left-radius:50px;border-top-right-radius:50px;border-bottom-left-radius:15px;border-bottom-right-radius:15px;border-bottom-color:var(--wp--preset--color--highlight);border-bottom-width:2px;padding-top:0;padding-right:0;padding-bottom:0;padding-left:0\"><div class=\"wp-block-group wp-container-content-36c51660 is-vertical is-content-justification-center is-nowrap is-layout-flex wp-container-core-group-is-layout-61ab0b23 wp-block-group-is-layout-flex\" style=\"padding-top:0;padding-right:0;padding-bottom:0;padding-left:0\"><div class=\"wp-block-group wp-container-content-9cfa9a5a has-global-padding is-layout-constrained wp-container-core-group-is-layout-63577fac wp-block-group-is-layout-constrained\" style=\"border-bottom-color:var(--wp--preset--color--outline);border-bottom-width:1px;padding-top:var(--wp--preset--spacing--medium);padding-right:var(--wp--preset--spacing--x-small);padding-bottom:var(--wp--preset--spacing--x-small);padding-left:var(--wp--preset--spacing--x-small)\"><figure class=\"wp-block-image size-full\"><img decoding=\"async\" src=\"https:\/\/fulltechnologysystems.com\/wp-content\/uploads\/2024\/11\/service-img6-4.png\" alt=\"\" class=\"wp-image-154\"\/><\/figure><\/div>\n\n<div class=\"wp-block-group has-global-padding is-layout-constrained wp-container-core-group-is-layout-4d709dd7 wp-block-group-is-layout-constrained\" style=\"padding-top:0;padding-right:0;padding-bottom:var(--wp--preset--spacing--x-small);padding-left:0\"><figure class=\"wp-block-image size-full\"><a href=\"https:\/\/fulltechnologysystems.com\/en\/maintenance\/\"><img decoding=\"async\" src=\"https:\/\/fulltechnologysystems.com\/wp-content\/uploads\/2024\/11\/service-img7-4.png\" alt=\"\" class=\"wp-image-150\"\/><\/a><\/figure><\/div><\/div>\n\n<div class=\"wp-block-group is-nowrap is-layout-flex wp-container-core-group-is-layout-57237712 wp-block-group-is-layout-flex\" style=\"border-left-color:var(--wp--preset--color--outline);border-left-width:1px;padding-top:var(--wp--preset--spacing--small);padding-right:var(--wp--preset--spacing--medium);padding-bottom:var(--wp--preset--spacing--small);padding-left:var(--wp--preset--spacing--medium)\"><div class=\"wp-block-group has-global-padding is-layout-constrained wp-container-core-group-is-layout-c40a8074 wp-block-group-is-layout-constrained\"><h5 class=\"wp-block-heading\"><strong>MAINTENANCE<\/strong><\/h5>\n\n<p>We guarantee the availability and optimal performance of your equipment with our specialized maintenance service.<\/p><\/div><\/div><\/div><\/div><\/div><\/div><hr class=\"wp-block-separator has-alpha-channel-opacity\"\/><div class=\"wp-block-group alignfull has-highlight-background-color has-background has-global-padding is-layout-constrained wp-container-core-group-is-layout-ed87fede wp-block-group-is-layout-constrained\" style=\"margin-top:0;margin-bottom:0;padding-top:var(--wp--preset--spacing--xx-large);padding-right:var(--wp--preset--spacing--x-small);padding-bottom:var(--wp--preset--spacing--xx-large);padding-left:var(--wp--preset--spacing--x-small)\"><div class=\"wp-block-columns is-layout-flex wp-container-core-columns-is-layout-28f84493 wp-block-columns-is-layout-flex\"><div class=\"wp-block-column is-layout-flow wp-block-column-is-layout-flow\" style=\"flex-basis:60%\"><div class=\"wp-block-group has-global-padding is-layout-constrained wp-container-core-group-is-layout-4b99461e wp-block-group-is-layout-constrained\"><div class=\"wp-block-group is-nowrap is-layout-flex wp-container-core-group-is-layout-6c531013 wp-block-group-is-layout-flex\"><h6 class=\"wp-block-heading has-pure-white-color has-text-color has-link-color has-x-small-font-size wp-elements-f958d1f6377746d437ac1fabb180b79e\">CONTACT US<\/h6>\n\n<hr class=\"wp-block-separator has-text-color has-outline-color has-alpha-channel-opacity has-outline-background-color has-background is-style-wide wp-container-content-e1bb55cb\"\/><\/div>\n\n<h2 class=\"wp-block-heading has-pure-white-color has-text-color has-link-color wp-elements-ecf070bf62904518422009a2c3d00062\" style=\"line-height:1.1\">Do you have a project for us ?<br>Let's start now!<\/h2><\/div><\/div>\n\n<div class=\"wp-block-column is-layout-flow wp-block-column-is-layout-flow\" style=\"flex-basis:23%\"><\/div>\n\n<div class=\"wp-block-column is-vertically-aligned-center is-layout-flow wp-block-column-is-layout-flow\" style=\"flex-basis:17%\"><div class=\"wp-block-buttons is-content-justification-left is-layout-flex wp-container-core-buttons-is-layout-fc4fd283 wp-block-buttons-is-layout-flex\"><div class=\"wp-block-button is-style-outline is-style-outline--1\"><a class=\"wp-block-button__link has-secondary-accent-color has-text-color has-link-color has-border-color has-outline-border-color wp-element-button\" href=\"https:\/\/fulltechnologysystems.com\/en\/contact-us\/\" style=\"border-radius:5px;padding-top:20px;padding-right:var(--wp--preset--spacing--medium);padding-bottom:20px;padding-left:var(--wp--preset--spacing--medium)\">Cont\u00e1ctanos<\/a><\/div><\/div><\/div><\/div><\/div>","protected":false},"excerpt":{"rendered":"<p>Desarrollamos proyectos llave en mano industriales AUTOMATIZACION Implementamos sistemas de control avanzados y rob\u00f3tica para optimizar tus procesos productivos. INFRAESTRUCTURA ELECTROMECANICA Desarrollamos y construimos proyectos de infraestructura electromec\u00e1nica MANTENIMIENTO Garantizamos la disponibilidad y el rendimiento \u00f3ptimo de tus equipos con nuestro servicio de mantenimiento especializado. CONTR\u00c1TANOS Tienes algun proyecto para nosotros ?Comencemos ahora !<\/p>","protected":false},"author":1,"featured_media":0,"parent":0,"menu_order":0,"comment_status":"closed","ping_status":"closed","template":"","meta":{"advanced_seo_description":"","jetpack_seo_html_title":"","jetpack_seo_noindex":false,"_joinchat":[],"footnotes":""},"class_list":["post-102","page","type-page","status-publish","hentry"],"jetpack_sharing_enabled":true,"_links":{"self":[{"href":"https:\/\/fulltechnologysystems.com\/en\/wp-json\/wp\/v2\/pages\/102","targetHints":{"allow":["GET"]}}],"collection":[{"href":"https:\/\/fulltechnologysystems.com\/en\/wp-json\/wp\/v2\/pages"}],"about":[{"href":"https:\/\/fulltechnologysystems.com\/en\/wp-json\/wp\/v2\/types\/page"}],"author":[{"embeddable":true,"href":"https:\/\/fulltechnologysystems.com\/en\/wp-json\/wp\/v2\/users\/1"}],"replies":[{"embeddable":true,"href":"https:\/\/fulltechnologysystems.com\/en\/wp-json\/wp\/v2\/comments?post=102"}],"version-history":[{"count":7,"href":"https:\/\/fulltechnologysystems.com\/en\/wp-json\/wp\/v2\/pages\/102\/revisions"}],"predecessor-version":[{"id":677,"href":"https:\/\/fulltechnologysystems.com\/en\/wp-json\/wp\/v2\/pages\/102\/revisions\/677"}],"wp:attachment":[{"href":"https:\/\/fulltechnologysystems.com\/en\/wp-json\/wp\/v2\/media?parent=102"}],"curies":[{"name":"wp","href":"https:\/\/api.w.org\/{rel}","templated":true}]}}