{"id":106,"date":"2024-11-15T06:16:51","date_gmt":"2024-11-15T06:16:51","guid":{"rendered":"https:\/\/demo.blockskit.com\/construction\/?page_id=224"},"modified":"2024-12-26T19:39:54","modified_gmt":"2024-12-26T19:39:54","slug":"contact-us","status":"publish","type":"page","link":"https:\/\/fulltechnologysystems.com\/en\/contact-us\/","title":{"rendered":"Contact Us"},"content":{"rendered":"<div class=\"wp-block-group alignfull has-global-padding is-layout-constrained wp-block-group-is-layout-constrained\" style=\"margin-top:0;margin-bottom:0;padding-top:var(--wp--preset--spacing--xx-large);padding-bottom:var(--wp--preset--spacing--xx-large)\"><div class=\"wp-block-columns is-not-stacked-on-mobile is-layout-flex wp-container-core-columns-is-layout-700ec2ad wp-block-columns-is-layout-flex\"><div class=\"wp-block-column is-vertically-aligned-center is-layout-flow wp-block-column-is-layout-flow\" style=\"flex-basis:50%\"><div class=\"wp-block-group has-global-padding is-layout-constrained wp-container-core-group-is-layout-f5f3bcb8 wp-block-group-is-layout-constrained\"><div class=\"wp-block-group is-nowrap is-layout-flex wp-container-core-group-is-layout-6c531013 wp-block-group-is-layout-flex\"><h6 class=\"wp-block-heading has-highlight-color has-text-color has-link-color has-x-small-font-size wp-elements-0dd4915b76f07cf8948ca2c3cd37c163\">Contact in Mexico<\/h6>\n\n<hr class=\"wp-block-separator has-text-color has-highlight-color has-alpha-channel-opacity has-highlight-background-color has-background is-style-wide wp-container-content-e1bb55cb\"\/><\/div>\n\n<h2 class=\"wp-block-heading has-xxx-large-font-size\" style=\"line-height:1.1\">SERVICIOS FTS SA DE CV<\/h2>\n\n<div class=\"wp-block-group has-light-background-color has-background wp-container-content-9cfa9a5a has-global-padding is-layout-constrained wp-container-core-group-is-layout-046917ff wp-block-group-is-layout-constrained\" style=\"border-radius:15px;border-bottom-color:var(--wp--preset--color--highlight);border-bottom-width:3px;margin-top:var(--wp--preset--spacing--medium);padding-top:var(--wp--preset--spacing--medium);padding-right:var(--wp--preset--spacing--medium);padding-bottom:var(--wp--preset--spacing--medium);padding-left:var(--wp--preset--spacing--medium)\"><div class=\"wp-block-media-text wp-container-content-9cfa9a5a\" style=\"border-style:none;border-width:0px;grid-template-columns:15% auto\"><figure class=\"wp-block-media-text__media\"><img decoding=\"async\" src=\"https:\/\/fulltechnologysystems.com\/wp-content\/uploads\/2024\/11\/project-img4-4.png\" alt=\"\" class=\"wp-image-172 size-full\"\/><\/figure><div class=\"wp-block-media-text__content\"><div class=\"wp-block-group has-global-padding is-layout-constrained wp-container-core-group-is-layout-c40a8074 wp-block-group-is-layout-constrained\"><p>Phone number:<\/p>\n\n<h5 class=\"wp-block-heading\">+52 812 358 0501<\/h5><\/div><\/div><\/div><\/div>\n\n<div class=\"wp-block-group has-light-background-color has-background wp-container-content-9cfa9a5a has-global-padding is-layout-constrained wp-container-core-group-is-layout-173e2ddb wp-block-group-is-layout-constrained\" style=\"border-radius:15px;border-bottom-color:var(--wp--preset--color--highlight);border-bottom-width:3px;padding-top:var(--wp--preset--spacing--medium);padding-right:var(--wp--preset--spacing--medium);padding-bottom:var(--wp--preset--spacing--medium);padding-left:var(--wp--preset--spacing--medium)\"><div class=\"wp-block-media-text wp-container-content-9cfa9a5a\" style=\"grid-template-columns:16% auto\"><figure class=\"wp-block-media-text__media\"><img decoding=\"async\" src=\"https:\/\/fulltechnologysystems.com\/wp-content\/uploads\/2024\/11\/project-img4-4.png\" alt=\"\" class=\"wp-image-172 size-full\"\/><\/figure><div class=\"wp-block-media-text__content\"><div class=\"wp-block-group has-global-padding is-layout-constrained wp-container-core-group-is-layout-c40a8074 wp-block-group-is-layout-constrained\"><p>Address:<\/p>\n\n<h5 class=\"wp-block-heading\">Luis G. Urbina 2213, Mart\u00ednez, 64550 Monterrey, N.L. MX<\/h5><\/div><\/div><\/div><\/div>\n\n<div class=\"wp-block-group has-light-background-color has-background wp-container-content-9cfa9a5a has-global-padding is-layout-constrained wp-container-core-group-is-layout-173e2ddb wp-block-group-is-layout-constrained\" style=\"border-radius:15px;border-bottom-color:var(--wp--preset--color--highlight);border-bottom-width:3px;padding-top:var(--wp--preset--spacing--medium);padding-right:var(--wp--preset--spacing--medium);padding-bottom:var(--wp--preset--spacing--medium);padding-left:var(--wp--preset--spacing--medium)\"><div class=\"wp-block-media-text wp-container-content-9cfa9a5a\" style=\"grid-template-columns:16% auto\"><figure class=\"wp-block-media-text__media\"><img decoding=\"async\" src=\"https:\/\/fulltechnologysystems.com\/wp-content\/uploads\/2024\/11\/project-img4-4.png\" alt=\"\" class=\"wp-image-172 size-full\"\/><\/figure><div class=\"wp-block-media-text__content\"><div class=\"wp-block-group has-global-padding is-layout-constrained wp-container-core-group-is-layout-c40a8074 wp-block-group-is-layout-constrained\"><p>Mail:<\/p>\n\n<h5 class=\"wp-block-heading\">ventas@fts.mx<\/h5><\/div><\/div><\/div><\/div><\/div><\/div>\n\n<div class=\"wp-block-column is-vertically-aligned-center is-layout-flow wp-block-column-is-layout-flow\" style=\"flex-basis:50%\"><div class=\"wp-block-group has-global-padding is-layout-constrained wp-container-core-group-is-layout-f5f3bcb8 wp-block-group-is-layout-constrained\"><div class=\"wp-block-group is-nowrap is-layout-flex wp-container-core-group-is-layout-6c531013 wp-block-group-is-layout-flex\"><h6 class=\"wp-block-heading has-highlight-color has-text-color has-link-color has-x-small-font-size wp-elements-db9bcbab5c84a4ad2d6474de23c60d88\">Contact in the United States<\/h6>\n\n<hr class=\"wp-block-separator has-text-color has-highlight-color has-alpha-channel-opacity has-highlight-background-color has-background is-style-wide wp-container-content-e1bb55cb\"\/><\/div>\n\n<h2 class=\"wp-block-heading has-xxx-large-font-size\" style=\"line-height:1\"><strong>FTS FULL  TECHNOLOGY SYSTEMS LLC<\/strong><\/h2>\n\n<div class=\"wp-block-group has-light-background-color has-background wp-container-content-9cfa9a5a has-global-padding is-layout-constrained wp-container-core-group-is-layout-046917ff wp-block-group-is-layout-constrained\" style=\"border-radius:15px;border-bottom-color:var(--wp--preset--color--highlight);border-bottom-width:3px;margin-top:var(--wp--preset--spacing--medium);padding-top:var(--wp--preset--spacing--medium);padding-right:var(--wp--preset--spacing--medium);padding-bottom:var(--wp--preset--spacing--medium);padding-left:var(--wp--preset--spacing--medium)\"><div class=\"wp-block-media-text wp-container-content-9cfa9a5a\" style=\"grid-template-columns:15% auto\"><figure class=\"wp-block-media-text__media\"><img decoding=\"async\" src=\"https:\/\/fulltechnologysystems.com\/wp-content\/uploads\/2024\/11\/project-img4-4.png\" alt=\"\" class=\"wp-image-172 size-full\"\/><\/figure><div class=\"wp-block-media-text__content\"><div class=\"wp-block-group has-global-padding is-layout-constrained wp-container-core-group-is-layout-c40a8074 wp-block-group-is-layout-constrained\"><p>Phone number:<\/p>\n\n<h5 class=\"wp-block-heading\">+1 281 923 1959<\/h5><\/div><\/div><\/div><\/div>\n\n<div class=\"wp-block-group has-light-background-color has-background wp-container-content-9cfa9a5a has-global-padding is-layout-constrained wp-container-core-group-is-layout-173e2ddb wp-block-group-is-layout-constrained\" style=\"border-radius:15px;border-bottom-color:var(--wp--preset--color--highlight);border-bottom-width:3px;padding-top:var(--wp--preset--spacing--medium);padding-right:var(--wp--preset--spacing--medium);padding-bottom:var(--wp--preset--spacing--medium);padding-left:var(--wp--preset--spacing--medium)\"><div class=\"wp-block-media-text wp-container-content-9cfa9a5a\" style=\"grid-template-columns:16% auto\"><figure class=\"wp-block-media-text__media\"><img decoding=\"async\" src=\"https:\/\/fulltechnologysystems.com\/wp-content\/uploads\/2024\/11\/project-img4-4.png\" alt=\"\" class=\"wp-image-172 size-full\"\/><\/figure><div class=\"wp-block-media-text__content\"><div class=\"wp-block-group has-global-padding is-layout-constrained wp-container-core-group-is-layout-c40a8074 wp-block-group-is-layout-constrained\"><p>Address:<\/p>\n\n<h5 class=\"wp-block-heading\">2100 Geng Rd Suite 210, Palo Alto, CA 94303, USA<\/h5><\/div><\/div><\/div><\/div>\n\n<div class=\"wp-block-group has-light-background-color has-background wp-container-content-9cfa9a5a has-global-padding is-layout-constrained wp-container-core-group-is-layout-173e2ddb wp-block-group-is-layout-constrained\" style=\"border-radius:15px;border-bottom-color:var(--wp--preset--color--highlight);border-bottom-width:3px;padding-top:var(--wp--preset--spacing--medium);padding-right:var(--wp--preset--spacing--medium);padding-bottom:var(--wp--preset--spacing--medium);padding-left:var(--wp--preset--spacing--medium)\"><div class=\"wp-block-media-text wp-container-content-9cfa9a5a\" style=\"grid-template-columns:16% auto\"><figure class=\"wp-block-media-text__media\"><img decoding=\"async\" src=\"https:\/\/fulltechnologysystems.com\/wp-content\/uploads\/2024\/11\/project-img4-4.png\" alt=\"\" class=\"wp-image-172 size-full\"\/><\/figure><div class=\"wp-block-media-text__content\"><div class=\"wp-block-group has-global-padding is-layout-constrained wp-container-core-group-is-layout-c40a8074 wp-block-group-is-layout-constrained\"><p>Mail:<\/p>\n\n<h5 class=\"wp-block-heading\">estebandelacruz@fts.mx<\/h5><\/div><\/div><\/div><\/div><\/div><\/div><\/div><\/div><div class=\"open-user-map\">\n\n  \n  \n<div class=\"box-wrap map-size-\">\n  \n  <div class=\"map-wrap\">\n    <div id=\"map-20210929\" class=\"leaflet-map map-style_Esri.WorldStreetMap\"><\/div>\n    \n    \n    \n        \n      \n      \n        <div id=\"open-add-location-overlay\" class=\"open-add-location-overlay\" style=\"background-color: #e02aaf\"><span class=\"btn_icon\">+<\/span><span class=\"btn_text\">Add location<\/span><\/div>\n\n      \n    \n    \n    \n    <script type=\"text\/javascript\" data-category=\"functional\" class=\"cmplz-native\" id=\"oum-inline-js\">\n      var map_el = `map-20210929`;\n\n      if(document.getElementById(map_el)) {\n\n        var mapStyle = `Esri.WorldStreetMap`;\n        var oum_tile_provider_mapbox_key = ``;\n        var marker_icon_url = `https:\/\/fulltechnologysystems.com\/wp-content\/plugins\/open-user-map\/src\/leaflet\/images\/marker-icon_default-2x.png`;\n        var marker_shadow_url = `https:\/\/fulltechnologysystems.com\/wp-content\/plugins\/open-user-map\/src\/leaflet\/images\/marker-shadow.png`;\n        var oum_enable_scrollwheel_zoom_map = false;\n        var oum_enable_cluster = true;\n        var oum_enable_fullscreen = true;\n\n        var oum_enable_searchbar = true;\n        var oum_searchbar_type = `address`;\n\n        var oum_geosearch_selected_provider = ``; \n        var oum_geosearch_provider = `osm`;\n        var oum_geosearch_provider_geoapify_key = ``;\n        var oum_geosearch_provider_here_key = ``;\n        var oum_geosearch_provider_mapbox_key = ``;\n        \n        var oum_enable_searchaddress_button = true;\n        var oum_searchaddress_label = `Search for address`;\n\n        var oum_enable_searchmarkers_button = true;\n        var oum_searchmarkers_label = `Find marker`;\n        var oum_searchmarkers_zoom = `8`;\n\n        var oum_enable_currentlocation = false;\n        var oum_action_after_submit = ``;\n        var thankyou_redirect = ``;\n        var start_lat = `25.688880362276`;\n        var start_lng = `-100.29161405526`;\n        var start_zoom = `8`;\n        var oum_enable_fixed_map_bounds = ``;\n        var oum_minimum_zoom_level = ``;\n        var oum_use_settings_start_location = false;\n        var oum_has_regions = false;\n\n        var oum_location = {};\n        var oum_custom_css = '';\n        var oum_custom_script = '';\n        var oumMap;\n        var oumMap2;\n\n        \/**\n         * Conditional Field Feature\n         * \n         * @param {string} sourceField - The source field selector\n         * @param {string} targetField - The target field selector\n         * @param {array} condShow - The values that should show the target field\n         * @param {array} condHide - The values that should hide the target field\n         *\/\n        var oumConditionalField = (sourceField, targetField, condShow, condHide) => {\n            const sourceElements = document.querySelectorAll(sourceField); \/\/ Select all radios\/checkboxes or single select\n            const targetElementWrapper = document.querySelector(targetField)?.parentElement; \/* works with custom fields only *\/\n\n            \/\/ Check if both sourceElements and targetElementWrapper exist\n            if (!sourceElements.length) {\n                console.warn(`OUM: Source field(s) not found: ${sourceField}`);\n                return;\n            }\n\n            if (!targetElementWrapper) {\n                console.warn(`OUM: Target field wrapper not found: ${targetField}`);\n                return;\n            }\n\n            \/* Event listener for change *\/\n            const onChangeHandler = function() {\n                \/\/ Get selected values for checkboxes and single selected value for radios\/select\n                const selectedValues = Array.from(sourceElements)\n                    .filter(element => element.checked || element.tagName === 'SELECT')\n                    .map(element => element.value);\n\n                const selectedValue = selectedValues[0]; \/\/ For radios and selects, we use only the first (and only) value\n\n                console.log('OUM: run condition', {selectedValue, sourceField, targetField, condShow, condHide});\n                \n                \/\/ Show or hide target field based on the selected value(s)\n                if (condShow.includes(selectedValue)) {\n                    targetElementWrapper.style.display = 'block';\n                } else if (condHide.includes(selectedValue)) {\n                    targetElementWrapper.style.display = 'none';\n                }\n            };\n\n            \/* Attach the event listener to each radio\/checkbox or select *\/\n            sourceElements.forEach(element => {\n                element.addEventListener('change', onChangeHandler);\n            });\n\n            \/* Trigger initially *\/\n            onChangeHandler(); \/\/ Call it directly to set initial state\n        };\n\n\n\n        \/* Transfer PHP array to JS json *\/\n        var oum_all_locations = [{\"title\":\"Servicios FTS SA de CV\",\"lat\":\"25.688880362276\",\"lng\":\"-100.29161405526\",\"content\":\"\\u003Cdiv class=\\u0022oum_location_image\\u0022\\u003E\\u003Cimg class=\\u0022skip-lazy\\u0022 src=\\u0022\/wp-content\/uploads\/2024\/12\/png-transparent-flag-mexico-country-world-world-flags-icon-300x300.png\\u0022\\u003E\\u003C\/div\\u003E\\u003Cdiv class=\\u0022oum_location_text\\u0022\\u003E\\u003Cdiv class=\\u0022oum_location_address\\u0022\\u003E\\u003Ca title=\\u0022go to Google Maps\\u0022 href=\\u0022https:\/\/www.google.com\/maps\/search\/?api=1\\u0026amp;query=25.688880362276%2C-100.29161405526\\u0022 target=\\u0022_blank\\u0022\\u003EServicios FTS SA de CV\\u003C\/a\\u003E\\u003C\/div\\u003E\\u003Ch3 class=\\u0022oum_location_name\\u0022\\u003EServicios FTS SA de CV\\u003C\/h3\\u003E\\u003Cdiv class=\\u0022oum_location_custom_fields\\u0022\\u003E\\u003C\/div\\u003E\\u003Cdiv class=\\u0022oum_location_description\\u0022\\u003E\\u003C\/div\\u003E\\u003C\/div\\u003E\\u003Cdiv style=\\u0022display: none\\u0022\\u003E409\\u003C\/div\\u003E\",\"icon\":\"https:\/\/fulltechnologysystems.com\/wp-content\/plugins\/open-user-map\/src\/leaflet\/images\/marker-icon_default-2x.png\",\"types\":[],\"post_id\":\"409\",\"address\":\"Servicios FTS SA de CV\",\"text\":\"\",\"image\":\"\/wp-content\/uploads\/2024\/12\/png-transparent-flag-mexico-country-world-world-flags-icon-300x300.png\",\"audio\":\"\",\"video\":\"\",\"custom_fields\":[]}];\n\n\n        \/**\n         * Add Custom Styles\n         *\/\n        \n        \n          \/* custom color *\/\n          oum_custom_css += `\n            .open-user-map .add-location #close-add-location-overlay:hover {color: #e02aaf !important}\n            .open-user-map .box-wrap .map-wrap .oum-filter-controls .oum-filter-list .close-filter-list:hover {color: #e02aaf !important}\n            .open-user-map input.oum-switch[type=\"checkbox\"]:checked + label::before {background-color: #e02aaf !important}\n            .open-user-map .add-location .location-overlay-content #oum_add_location_thankyou h3 {color: #e02aaf !important}\n            .open-user-map .oum_location_text a {color: #e02aaf !important}\n            .open-user-map .oum-tabs {border-color: #e02aaf !important}\n            .open-user-map .oum-tabs .nav-item:hover {color: #e02aaf !important; border-color: #e02aaf !important}\n            .open-user-map .oum-tabs .nav-item.active {color: #e02aaf !important; border-color: #e02aaf !important}\n            .open-user-map .box-wrap .map-wrap .oum-attribution a {color: #e02aaf !important;}`;\n\n        \n        \n        \n        var custom_style = document.createElement('style');\n\n        if (custom_style.styleSheet) {\n          custom_style.styleSheet.cssText = oum_custom_css;\n        } else {\n          custom_style.appendChild(document.createTextNode(oum_custom_css));\n        }\n\n        document.getElementsByTagName('head')[0].appendChild(custom_style);\n\n      }\n    <\/script>\n\n  <\/div>\n\n<\/div>\n\n<\/div><p><\/p>","protected":false},"excerpt":{"rendered":"<p>Contacto en M\u00e9xico SERVICIOS FTS SA DE CV N\u00famero directo: +52 812 358 0501 Direcci\u00f3n: Luis G. Urbina 2213, Mart\u00ednez, 64550 Monterrey, N.L. MX Correo: ventas@fts.mx Contacto en Estados Unidos FTS FULL TECHNOLOGY SYSTEMS LLC N\u00famero directo: +1 281 923 1959 Direcci\u00f3n: 2100 Geng Rd Suite 210, Palo Alto, CA 94303, USA Correo: estebandelacruz@fts.mx<\/p>","protected":false},"author":1,"featured_media":0,"parent":0,"menu_order":0,"comment_status":"open","ping_status":"closed","template":"page-no-gap","meta":{"advanced_seo_description":"","jetpack_seo_html_title":"","jetpack_seo_noindex":false,"_joinchat":[],"footnotes":""},"class_list":["post-106","page","type-page","status-publish","hentry"],"jetpack_sharing_enabled":true,"_links":{"self":[{"href":"https:\/\/fulltechnologysystems.com\/en\/wp-json\/wp\/v2\/pages\/106","targetHints":{"allow":["GET"]}}],"collection":[{"href":"https:\/\/fulltechnologysystems.com\/en\/wp-json\/wp\/v2\/pages"}],"about":[{"href":"https:\/\/fulltechnologysystems.com\/en\/wp-json\/wp\/v2\/types\/page"}],"author":[{"embeddable":true,"href":"https:\/\/fulltechnologysystems.com\/en\/wp-json\/wp\/v2\/users\/1"}],"replies":[{"embeddable":true,"href":"https:\/\/fulltechnologysystems.com\/en\/wp-json\/wp\/v2\/comments?post=106"}],"version-history":[{"count":15,"href":"https:\/\/fulltechnologysystems.com\/en\/wp-json\/wp\/v2\/pages\/106\/revisions"}],"predecessor-version":[{"id":415,"href":"https:\/\/fulltechnologysystems.com\/en\/wp-json\/wp\/v2\/pages\/106\/revisions\/415"}],"wp:attachment":[{"href":"https:\/\/fulltechnologysystems.com\/en\/wp-json\/wp\/v2\/media?parent=106"}],"curies":[{"name":"wp","href":"https:\/\/api.w.org\/{rel}","templated":true}]}}