{"id":237,"date":"2024-12-23T17:07:11","date_gmt":"2024-12-23T17:07:11","guid":{"rendered":"https:\/\/fulltechnologysystems.com\/?page_id=237"},"modified":"2025-01-30T15:11:38","modified_gmt":"2025-01-30T15:11:38","slug":"automation","status":"publish","type":"page","link":"https:\/\/fulltechnologysystems.com\/en\/solutions\/automation\/","title":{"rendered":"Automation"},"content":{"rendered":"<h2 class=\"wp-block-heading has-text-align-center\">Production Automation and Manufacturing<\/h2><p class=\"has-text-align-center\">Production automation is at the heart of manufacturing operations. We take a holistic view of the enterprise control layer to innovate, design, operate and maintain a system that delivers the business results you want now, while addressing and supporting future production and system needs.&nbsp;<\/p><p><\/p><div class=\"wp-block-columns is-layout-flex wp-container-core-columns-is-layout-28f84493 wp-block-columns-is-layout-flex\"><div class=\"wp-block-column has-global-padding is-layout-constrained wp-block-column-is-layout-constrained\"><figure class=\"wp-block-image size-large\"><a href=\"https:\/\/fulltechnologysystems.com\/en\/solutions\/automation\/control-systems\/\"><img loading=\"lazy\" decoding=\"async\" width=\"1024\" height=\"576\" src=\"https:\/\/fulltechnologysystems.com\/wp-content\/uploads\/2025\/01\/IntelligentPackagedPower-1.5120-2-1024x576.webp\" alt=\"\" class=\"wp-image-643\" style=\"aspect-ratio:4\/3;object-fit:cover\" title=\"\" srcset=\"https:\/\/fulltechnologysystems.com\/wp-content\/uploads\/2025\/01\/IntelligentPackagedPower-1.5120-2-1024x576.webp 1024w, https:\/\/fulltechnologysystems.com\/wp-content\/uploads\/2025\/01\/IntelligentPackagedPower-1.5120-2-300x169.webp 300w, https:\/\/fulltechnologysystems.com\/wp-content\/uploads\/2025\/01\/IntelligentPackagedPower-1.5120-2-768x432.webp 768w, https:\/\/fulltechnologysystems.com\/wp-content\/uploads\/2025\/01\/IntelligentPackagedPower-1.5120-2-1536x864.webp 1536w, https:\/\/fulltechnologysystems.com\/wp-content\/uploads\/2025\/01\/IntelligentPackagedPower-1.5120-2-2048x1152.webp 2048w\" sizes=\"auto, (max-width: 1024px) 100vw, 1024px\" \/><\/a><\/figure>\n\n<p><strong><a href=\"https:\/\/fulltechnologysystems.com\/en\/solutions\/automation\/control-systems\/\" data-type=\"page\" data-id=\"559\">Control Systems<\/a><\/strong><\/p>\n\n<p>We create control and artificial vision systems with:<\/p>\n\n<p>PLC, HMI, motors, VFD, servos and instruments, including development, assembly and wiring of control cabinets.<\/p><\/div>\n\n<div class=\"wp-block-column has-global-padding is-layout-constrained wp-block-column-is-layout-constrained\"><figure class=\"wp-block-image size-large\"><a href=\"https:\/\/fulltechnologysystems.com\/en\/solutions\/automation\/cybersecurity-network-infrastructure\/\"><img loading=\"lazy\" decoding=\"async\" width=\"1024\" height=\"684\" src=\"https:\/\/fulltechnologysystems.com\/wp-content\/uploads\/2025\/01\/html-css-collage-concept-with-person-1-1024x684.jpg\" alt=\"\" class=\"wp-image-644\" style=\"aspect-ratio:4\/3;object-fit:cover\" srcset=\"https:\/\/fulltechnologysystems.com\/wp-content\/uploads\/2025\/01\/html-css-collage-concept-with-person-1-1024x684.jpg 1024w, https:\/\/fulltechnologysystems.com\/wp-content\/uploads\/2025\/01\/html-css-collage-concept-with-person-1-300x200.jpg 300w, https:\/\/fulltechnologysystems.com\/wp-content\/uploads\/2025\/01\/html-css-collage-concept-with-person-1-768x513.jpg 768w, https:\/\/fulltechnologysystems.com\/wp-content\/uploads\/2025\/01\/html-css-collage-concept-with-person-1-1536x1025.jpg 1536w, https:\/\/fulltechnologysystems.com\/wp-content\/uploads\/2025\/01\/html-css-collage-concept-with-person-1-2048x1367.jpg 2048w\" sizes=\"auto, (max-width: 1024px) 100vw, 1024px\" \/><\/a><\/figure>\n\n<p><strong><a href=\"https:\/\/fulltechnologysystems.com\/en\/solutions\/automation\/cybersecurity-network-infrastructure\/\" data-type=\"page\" data-id=\"553\">Cybersecurity &amp; Network Infrastructure<\/a><\/strong><\/p>\n\n<p>We develop customized solutions in your OT and IT network such as: Cybercecurity, MES, SCADA, IDF, IDC, structured cabling, data acquisition and Integration with Servers for the transformation and digitization of smart factories and industry 4.0.<\/p><\/div>\n\n<div class=\"wp-block-column has-global-padding is-layout-constrained wp-block-column-is-layout-constrained\"><figure class=\"wp-block-image size-large\"><img loading=\"lazy\" decoding=\"async\" width=\"1024\" height=\"731\" src=\"https:\/\/fulltechnologysystems.com\/wp-content\/uploads\/2025\/01\/3d-rendering-industry-40-concept-1-1-1024x731.jpg\" alt=\"\" class=\"wp-image-645\" style=\"aspect-ratio:4\/3;object-fit:cover\" srcset=\"https:\/\/fulltechnologysystems.com\/wp-content\/uploads\/2025\/01\/3d-rendering-industry-40-concept-1-1-1024x731.jpg 1024w, https:\/\/fulltechnologysystems.com\/wp-content\/uploads\/2025\/01\/3d-rendering-industry-40-concept-1-1-300x214.jpg 300w, https:\/\/fulltechnologysystems.com\/wp-content\/uploads\/2025\/01\/3d-rendering-industry-40-concept-1-1-768x549.jpg 768w, https:\/\/fulltechnologysystems.com\/wp-content\/uploads\/2025\/01\/3d-rendering-industry-40-concept-1-1-1536x1097.jpg 1536w, https:\/\/fulltechnologysystems.com\/wp-content\/uploads\/2025\/01\/3d-rendering-industry-40-concept-1-1-2048x1463.jpg 2048w\" sizes=\"auto, (max-width: 1024px) 100vw, 1024px\" \/><\/figure>\n\n<p><strong><a href=\"https:\/\/fulltechnologysystems.com\/en\/solutions\/automation\/robotic-automation\/\" data-type=\"page\" data-id=\"555\">Robotic Automation<\/a><\/strong><\/p>\n\n<p>We implement collaborative robots, AGV's and high speed robots to increase productivity and accuracy in your operations.<\/p><\/div>\n\n<div class=\"wp-block-column has-global-padding is-layout-constrained wp-block-column-is-layout-constrained\"><figure class=\"wp-block-image size-large\"><a href=\"https:\/\/fulltechnologysystems.com\/en\/solutions\/automation\/technical-support-services\/\"><img loading=\"lazy\" decoding=\"async\" width=\"1024\" height=\"683\" src=\"https:\/\/fulltechnologysystems.com\/wp-content\/uploads\/2025\/01\/industrial-employees-working-together-factory-production-line-1-1024x683.jpg\" alt=\"\" class=\"wp-image-646\" style=\"aspect-ratio:4\/3;object-fit:cover\" srcset=\"https:\/\/fulltechnologysystems.com\/wp-content\/uploads\/2025\/01\/industrial-employees-working-together-factory-production-line-1-1024x683.jpg 1024w, https:\/\/fulltechnologysystems.com\/wp-content\/uploads\/2025\/01\/industrial-employees-working-together-factory-production-line-1-300x200.jpg 300w, https:\/\/fulltechnologysystems.com\/wp-content\/uploads\/2025\/01\/industrial-employees-working-together-factory-production-line-1-768x512.jpg 768w, https:\/\/fulltechnologysystems.com\/wp-content\/uploads\/2025\/01\/industrial-employees-working-together-factory-production-line-1-1536x1024.jpg 1536w, https:\/\/fulltechnologysystems.com\/wp-content\/uploads\/2025\/01\/industrial-employees-working-together-factory-production-line-1-2048x1365.jpg 2048w\" sizes=\"auto, (max-width: 1024px) 100vw, 1024px\" \/><\/a><\/figure>\n\n<p><strong><a href=\"https:\/\/fulltechnologysystems.com\/en\/solutions\/automation\/technical-support-services\/\" data-type=\"page\" data-id=\"557\">Technical Support &amp; Services<\/a><\/strong><\/p>\n\n<ul class=\"wp-block-list\"><li>Resolution of equipment and instrument control failures.<\/li>\n\n<li>Upgrades and retrofits of machines and testers.<\/li>\n\n<li>Commissioning and start-up.<\/li><\/ul><\/div><\/div><div class=\"wp-block-group has-global-padding is-layout-constrained wp-block-group-is-layout-constrained\"><div class=\"wp-block-columns is-layout-flex wp-container-core-columns-is-layout-28f84493 wp-block-columns-is-layout-flex\"><div class=\"wp-block-column is-layout-flow wp-block-column-is-layout-flow\" style=\"flex-basis:100%\"><figure class=\"wp-block-gallery has-nested-images columns-default is-cropped wp-block-gallery-1 is-layout-flex wp-block-gallery-is-layout-flex\"><figure class=\"wp-block-image size-large\"><img loading=\"lazy\" decoding=\"async\" width=\"768\" height=\"1024\" data-id=\"283\" src=\"https:\/\/fulltechnologysystems.com\/wp-content\/uploads\/2024\/12\/WhatsApp-Image-2024-11-20-at-11.39.59-768x1024.jpeg\" alt=\"\" class=\"wp-image-283\" srcset=\"https:\/\/fulltechnologysystems.com\/wp-content\/uploads\/2024\/12\/WhatsApp-Image-2024-11-20-at-11.39.59-768x1024.jpeg 768w, https:\/\/fulltechnologysystems.com\/wp-content\/uploads\/2024\/12\/WhatsApp-Image-2024-11-20-at-11.39.59-225x300.jpeg 225w, https:\/\/fulltechnologysystems.com\/wp-content\/uploads\/2024\/12\/WhatsApp-Image-2024-11-20-at-11.39.59-1152x1536.jpeg 1152w, https:\/\/fulltechnologysystems.com\/wp-content\/uploads\/2024\/12\/WhatsApp-Image-2024-11-20-at-11.39.59-1536x2048.jpeg 1536w, https:\/\/fulltechnologysystems.com\/wp-content\/uploads\/2024\/12\/WhatsApp-Image-2024-11-20-at-11.39.59-scaled.jpeg 1920w\" sizes=\"auto, (max-width: 768px) 100vw, 768px\" \/><\/figure>\n\n<figure class=\"wp-block-image size-large\"><img loading=\"lazy\" decoding=\"async\" width=\"681\" height=\"1024\" data-id=\"280\" src=\"https:\/\/fulltechnologysystems.com\/wp-content\/uploads\/2024\/12\/automat-681x1024.jpg\" alt=\"\" class=\"wp-image-280\" srcset=\"https:\/\/fulltechnologysystems.com\/wp-content\/uploads\/2024\/12\/automat-681x1024.jpg 681w, https:\/\/fulltechnologysystems.com\/wp-content\/uploads\/2024\/12\/automat-199x300.jpg 199w, https:\/\/fulltechnologysystems.com\/wp-content\/uploads\/2024\/12\/automat-768x1155.jpg 768w, https:\/\/fulltechnologysystems.com\/wp-content\/uploads\/2024\/12\/automat-1021x1536.jpg 1021w, https:\/\/fulltechnologysystems.com\/wp-content\/uploads\/2024\/12\/automat-1362x2048.jpg 1362w, https:\/\/fulltechnologysystems.com\/wp-content\/uploads\/2024\/12\/automat-scaled.jpg 1702w\" sizes=\"auto, (max-width: 681px) 100vw, 681px\" \/><\/figure>\n\n<figure class=\"wp-block-image size-large\"><img loading=\"lazy\" decoding=\"async\" width=\"768\" height=\"1024\" data-id=\"279\" src=\"https:\/\/fulltechnologysystems.com\/wp-content\/uploads\/2024\/12\/Automatizacion-7-768x1024.jpeg\" alt=\"\" class=\"wp-image-279\" srcset=\"https:\/\/fulltechnologysystems.com\/wp-content\/uploads\/2024\/12\/Automatizacion-7-768x1024.jpeg 768w, https:\/\/fulltechnologysystems.com\/wp-content\/uploads\/2024\/12\/Automatizacion-7-225x300.jpeg 225w, https:\/\/fulltechnologysystems.com\/wp-content\/uploads\/2024\/12\/Automatizacion-7-1152x1536.jpeg 1152w, https:\/\/fulltechnologysystems.com\/wp-content\/uploads\/2024\/12\/Automatizacion-7-1536x2048.jpeg 1536w, https:\/\/fulltechnologysystems.com\/wp-content\/uploads\/2024\/12\/Automatizacion-7-scaled.jpeg 1920w\" sizes=\"auto, (max-width: 768px) 100vw, 768px\" \/><\/figure><\/figure><\/div><\/div><\/div><p><\/p>","protected":false},"excerpt":{"rendered":"<p>Automatizaci\u00f3n de producci\u00f3n y Manufactura La automatizaci\u00f3n de la producci\u00f3n est\u00e1 en el centro de las operaciones de fabricaci\u00f3n. Adoptamos una visi\u00f3n hol\u00edstica de la capa de control de la empresa para innovar, dise\u00f1ar, operar y mantener un sistema que proporcione los resultados empresariales que desea ahora, al tiempo que atiende y respalda las necesidades [&hellip;]<\/p>","protected":false},"author":1,"featured_media":0,"parent":102,"menu_order":2,"comment_status":"closed","ping_status":"closed","template":"","meta":{"advanced_seo_description":"","jetpack_seo_html_title":"","jetpack_seo_noindex":false,"_joinchat":[],"footnotes":""},"class_list":["post-237","page","type-page","status-publish","hentry"],"jetpack_sharing_enabled":true,"_links":{"self":[{"href":"https:\/\/fulltechnologysystems.com\/en\/wp-json\/wp\/v2\/pages\/237","targetHints":{"allow":["GET"]}}],"collection":[{"href":"https:\/\/fulltechnologysystems.com\/en\/wp-json\/wp\/v2\/pages"}],"about":[{"href":"https:\/\/fulltechnologysystems.com\/en\/wp-json\/wp\/v2\/types\/page"}],"author":[{"embeddable":true,"href":"https:\/\/fulltechnologysystems.com\/en\/wp-json\/wp\/v2\/users\/1"}],"replies":[{"embeddable":true,"href":"https:\/\/fulltechnologysystems.com\/en\/wp-json\/wp\/v2\/comments?post=237"}],"version-history":[{"count":37,"href":"https:\/\/fulltechnologysystems.com\/en\/wp-json\/wp\/v2\/pages\/237\/revisions"}],"predecessor-version":[{"id":674,"href":"https:\/\/fulltechnologysystems.com\/en\/wp-json\/wp\/v2\/pages\/237\/revisions\/674"}],"up":[{"embeddable":true,"href":"https:\/\/fulltechnologysystems.com\/en\/wp-json\/wp\/v2\/pages\/102"}],"wp:attachment":[{"href":"https:\/\/fulltechnologysystems.com\/en\/wp-json\/wp\/v2\/media?parent=237"}],"curies":[{"name":"wp","href":"https:\/\/api.w.org\/{rel}","templated":true}]}}