{"id":509,"date":"2025-01-24T20:26:00","date_gmt":"2025-01-24T20:26:00","guid":{"rendered":"https:\/\/fulltechnologysystems.com\/?page_id=509"},"modified":"2025-01-27T17:22:23","modified_gmt":"2025-01-27T17:22:23","slug":"sistemas-de-control-industrial-ics","status":"publish","type":"page","link":"https:\/\/fulltechnologysystems.com\/en\/solutions\/automation\/control-systems\/sistemas-de-control-industrial-ics\/","title":{"rendered":"Industrial Control Systems (ICS)"},"content":{"rendered":"<p>The rapid evolution of technology in industrial automation systems requires tighter integration between devices on the plant floor and the rest of the enterprise. This integration requires a secure network infrastructure, smart devices for efficient data collection, and the ability to turn data into actionable information.<\/p><p>The integration of control and information across the enterprise enables our customers to optimize their operations by connecting the plant, site, facility, and people. We deliver industrial automation and control through our control systems, motor control, and smart devices portfolios. The combination of these three platforms are architected and designed to help you build the most efficient industrial automation system to meet your needs.<\/p><div class=\"wp-block-columns is-layout-flex wp-container-core-columns-is-layout-28f84493 wp-block-columns-is-layout-flex\"><div class=\"wp-block-column is-layout-flow wp-block-column-is-layout-flow\"><div class=\"wp-block-group is-style-bk-box-shadow-large is-layout-grid wp-container-core-group-is-layout-975cfec1 wp-block-group-is-layout-grid\"><figure class=\"wp-block-image size-large\"><img loading=\"lazy\" decoding=\"async\" width=\"1024\" height=\"576\" src=\"https:\/\/fulltechnologysystems.com\/wp-content\/uploads\/2025\/01\/IntegratedArchitecture_387839737-1.5120-1024x576.webp\" alt=\"\" class=\"wp-image-516\" srcset=\"https:\/\/fulltechnologysystems.com\/wp-content\/uploads\/2025\/01\/IntegratedArchitecture_387839737-1.5120-1024x576.webp 1024w, https:\/\/fulltechnologysystems.com\/wp-content\/uploads\/2025\/01\/IntegratedArchitecture_387839737-1.5120-300x169.webp 300w, https:\/\/fulltechnologysystems.com\/wp-content\/uploads\/2025\/01\/IntegratedArchitecture_387839737-1.5120-768x432.webp 768w, https:\/\/fulltechnologysystems.com\/wp-content\/uploads\/2025\/01\/IntegratedArchitecture_387839737-1.5120-1536x864.webp 1536w, https:\/\/fulltechnologysystems.com\/wp-content\/uploads\/2025\/01\/IntegratedArchitecture_387839737-1.5120-2048x1152.webp 2048w\" sizes=\"auto, (max-width: 1024px) 100vw, 1024px\" \/><\/figure>\n\n<p><strong>Integrated\nArchitecture<\/strong><\/p>\n\n<p class=\"has-x-small-font-size\">Integrated control\nsystems facilitate smart\nmanufacturing for your\nindustrial automation\nsolution.<\/p><\/div><\/div>\n\n<div class=\"wp-block-column is-layout-flow wp-block-column-is-layout-flow\"><div class=\"wp-block-group is-style-bk-box-shadow-large is-layout-grid wp-container-core-group-is-layout-975cfec1 wp-block-group-is-layout-grid\"><figure class=\"wp-block-image size-large\"><img loading=\"lazy\" decoding=\"async\" width=\"1024\" height=\"576\" src=\"https:\/\/fulltechnologysystems.com\/wp-content\/uploads\/2025\/01\/IntelligentMotorControl-1.2441-1024x576.webp\" alt=\"\" class=\"wp-image-518\" srcset=\"https:\/\/fulltechnologysystems.com\/wp-content\/uploads\/2025\/01\/IntelligentMotorControl-1.2441-1024x576.webp 1024w, https:\/\/fulltechnologysystems.com\/wp-content\/uploads\/2025\/01\/IntelligentMotorControl-1.2441-300x169.webp 300w, https:\/\/fulltechnologysystems.com\/wp-content\/uploads\/2025\/01\/IntelligentMotorControl-1.2441-768x432.webp 768w, https:\/\/fulltechnologysystems.com\/wp-content\/uploads\/2025\/01\/IntelligentMotorControl-1.2441-1536x864.webp 1536w, https:\/\/fulltechnologysystems.com\/wp-content\/uploads\/2025\/01\/IntelligentMotorControl-1.2441-2048x1152.webp 2048w\" sizes=\"auto, (max-width: 1024px) 100vw, 1024px\" \/><\/figure>\n\n<p class=\"wp-container-content-94734dbf\"><strong>Smart devices.\nReal time data.\nPredictive\ninsights<\/strong><\/p>\n\n<p class=\"has-x-small-font-size\">Our smart solutions\ndeliver real time\npredictive analytics,\nhigh-performance\nmotor control &amp;\nconnected capabilities\nto increase productivity\n&amp; reduce downtime<\/p><\/div><\/div>\n\n<div class=\"wp-block-column is-layout-flow wp-block-column-is-layout-flow\"><div class=\"wp-block-group is-style-bk-box-shadow-large is-layout-grid wp-container-core-group-is-layout-975cfec1 wp-block-group-is-layout-grid\"><figure class=\"wp-block-image size-large\"><img loading=\"lazy\" decoding=\"async\" width=\"1024\" height=\"576\" src=\"https:\/\/fulltechnologysystems.com\/wp-content\/uploads\/2025\/01\/EssentialComponents-1.1120-1024x576.webp\" alt=\"\" class=\"wp-image-519\" srcset=\"https:\/\/fulltechnologysystems.com\/wp-content\/uploads\/2025\/01\/EssentialComponents-1.1120-1024x576.webp 1024w, https:\/\/fulltechnologysystems.com\/wp-content\/uploads\/2025\/01\/EssentialComponents-1.1120-300x169.webp 300w, https:\/\/fulltechnologysystems.com\/wp-content\/uploads\/2025\/01\/EssentialComponents-1.1120-768x432.webp 768w, https:\/\/fulltechnologysystems.com\/wp-content\/uploads\/2025\/01\/EssentialComponents-1.1120.webp 1120w\" sizes=\"auto, (max-width: 1024px) 100vw, 1024px\" \/><\/figure>\n\n<p><strong>Essential\nComponents<\/strong><\/p>\n\n<p class=\"has-x-small-font-size\">We offer quality AllenBradley\u00ae essential\ncomponents with timetested quality and\ndurability<\/p><\/div><\/div><\/div><h2 class=\"wp-block-heading\">A Scalable Portfolio for Industrial Automation<\/h2><p>Built on Modern Technologies<br><\/p><p>As you start to build a connected enterprise, you will need an automation and control system with all devices seamlessly integrated rather than a collection of individual products. We have evolved our products, software, and services to help you bridge the gap between machinery-level systems and enterprise systems to improve decision making.<\/p><p>We offer scalable, future-proof, solutions built on contemporary technologies to help you to build a real-time, secure infrastructure that will help you deliver the most impactful results.<\/p><div class=\"wp-block-columns is-style-default has-x-small-font-size is-layout-flex wp-container-core-columns-is-layout-50ff703d wp-block-columns-is-layout-flex\" style=\"padding-top:0;padding-bottom:0\"><div class=\"wp-block-column is-style-bk-box-shadow-hover is-layout-flow wp-container-core-column-is-layout-8a368f38 wp-block-column-is-layout-flow\" style=\"border-style:none;border-width:0px\"><div class=\"wp-block-group is-style-bk-box-shadow-large is-layout-grid wp-container-core-group-is-layout-975cfec1 wp-block-group-is-layout-grid\"><figure class=\"wp-block-image size-full wp-container-content-94734dbf\"><img loading=\"lazy\" decoding=\"async\" width=\"571\" height=\"310\" src=\"https:\/\/fulltechnologysystems.com\/wp-content\/uploads\/2025\/01\/integrated-architecture-1.png\" alt=\"\" class=\"wp-image-522\" srcset=\"https:\/\/fulltechnologysystems.com\/wp-content\/uploads\/2025\/01\/integrated-architecture-1.png 571w, https:\/\/fulltechnologysystems.com\/wp-content\/uploads\/2025\/01\/integrated-architecture-1-300x163.png 300w\" sizes=\"auto, (max-width: 571px) 100vw, 571px\" \/><\/figure>\n\n<p class=\"wp-container-content-94734dbf\"><strong><strong>Integrating\nControl and\nInformation <\/strong><\/strong><\/p>\n\n<p class=\"has-x-small-font-size wp-container-content-94734dbf\">Learn how the\nIntegrated Architecture\nis helping deliver The\nConnected Enterprise\u00ae\nthrough smart\nmanufacturing. <\/p><\/div><\/div>\n\n<div class=\"wp-block-column is-style-bk-box-shadow-medium has-global-padding is-layout-constrained wp-block-column-is-layout-constrained\"><div class=\"wp-block-group is-style-bk-box-shadow-hover is-layout-grid wp-container-core-group-is-layout-975cfec1 wp-block-group-is-layout-grid\"><figure class=\"wp-block-image size-large wp-container-content-94734dbf\"><img loading=\"lazy\" decoding=\"async\" width=\"1024\" height=\"576\" src=\"https:\/\/fulltechnologysystems.com\/wp-content\/uploads\/2025\/01\/IntelligentMotorControl-1.2441-1024x576.webp\" alt=\"\" class=\"wp-image-518\" srcset=\"https:\/\/fulltechnologysystems.com\/wp-content\/uploads\/2025\/01\/IntelligentMotorControl-1.2441-1024x576.webp 1024w, https:\/\/fulltechnologysystems.com\/wp-content\/uploads\/2025\/01\/IntelligentMotorControl-1.2441-300x169.webp 300w, https:\/\/fulltechnologysystems.com\/wp-content\/uploads\/2025\/01\/IntelligentMotorControl-1.2441-768x432.webp 768w, https:\/\/fulltechnologysystems.com\/wp-content\/uploads\/2025\/01\/IntelligentMotorControl-1.2441-1536x864.webp 1536w, https:\/\/fulltechnologysystems.com\/wp-content\/uploads\/2025\/01\/IntelligentMotorControl-1.2441-2048x1152.webp 2048w\" sizes=\"auto, (max-width: 1024px) 100vw, 1024px\" \/><\/figure>\n\n<p class=\"wp-container-content-94734dbf\"><strong>Smart devices.\nReal time data.\nPredictive\ninsights<\/strong><\/p>\n\n<p class=\"has-x-small-font-size\">Our smart solutions\ndeliver real time\npredictive analytics,\nhigh-performance\nmotor control &amp;\nconnected capabilities\nto increase productivity\n&amp; reduce downtime<\/p><\/div><\/div>\n\n<div class=\"wp-block-column is-style-bk-box-shadow-hover is-layout-flow wp-block-column-is-layout-flow\"><div class=\"wp-block-group is-style-bk-box-shadow-large is-layout-grid wp-container-core-group-is-layout-975cfec1 wp-block-group-is-layout-grid\"><figure class=\"wp-block-image size-large\"><img loading=\"lazy\" decoding=\"async\" width=\"1024\" height=\"576\" src=\"https:\/\/fulltechnologysystems.com\/wp-content\/uploads\/2025\/01\/EssentialComponents-1.1120-1024x576.webp\" alt=\"\" class=\"wp-image-519\" srcset=\"https:\/\/fulltechnologysystems.com\/wp-content\/uploads\/2025\/01\/EssentialComponents-1.1120-1024x576.webp 1024w, https:\/\/fulltechnologysystems.com\/wp-content\/uploads\/2025\/01\/EssentialComponents-1.1120-300x169.webp 300w, https:\/\/fulltechnologysystems.com\/wp-content\/uploads\/2025\/01\/EssentialComponents-1.1120-768x432.webp 768w, https:\/\/fulltechnologysystems.com\/wp-content\/uploads\/2025\/01\/EssentialComponents-1.1120.webp 1120w\" sizes=\"auto, (max-width: 1024px) 100vw, 1024px\" \/><\/figure>\n\n<p><strong>Essential\nComponents<\/strong><\/p>\n\n<p class=\"has-x-small-font-size\">We offer quality AllenBradley\u00ae essential\ncomponents with timetested quality and\ndurability<\/p><\/div><\/div><\/div><div class=\"wp-block-media-text is-stacked-on-mobile\" style=\"grid-template-columns:30% auto\"><figure class=\"wp-block-media-text__media\"><img loading=\"lazy\" decoding=\"async\" width=\"1024\" height=\"576\" src=\"https:\/\/fulltechnologysystems.com\/wp-content\/uploads\/2025\/01\/integrated-robots-scara-life-sciences-GET-1173556185.4000-1024x576.webp\" alt=\"\" class=\"wp-image-525 size-full\" srcset=\"https:\/\/fulltechnologysystems.com\/wp-content\/uploads\/2025\/01\/integrated-robots-scara-life-sciences-GET-1173556185.4000-1024x576.webp 1024w, https:\/\/fulltechnologysystems.com\/wp-content\/uploads\/2025\/01\/integrated-robots-scara-life-sciences-GET-1173556185.4000-300x169.webp 300w, https:\/\/fulltechnologysystems.com\/wp-content\/uploads\/2025\/01\/integrated-robots-scara-life-sciences-GET-1173556185.4000-768x432.webp 768w, https:\/\/fulltechnologysystems.com\/wp-content\/uploads\/2025\/01\/integrated-robots-scara-life-sciences-GET-1173556185.4000-1536x864.webp 1536w, https:\/\/fulltechnologysystems.com\/wp-content\/uploads\/2025\/01\/integrated-robots-scara-life-sciences-GET-1173556185.4000-2048x1152.webp 2048w\" sizes=\"auto, (max-width: 1024px) 100vw, 1024px\" \/><\/figure><div class=\"wp-block-media-text__content\"><p><\/p>\n\n<h5 class=\"wp-block-heading\"><strong>Robot Systems that\nProvide Deep Value<\/strong><\/h5>\n\n<p><em>Improve Outcomes with\nMore Simplied,\nIntelligent Deployments<\/em><\/p>\n\n<p>Manufacturing systems are being tasked to\ndeliver a rising list of production demands.\nImplementing robots that are exible and\nfuture-ready is a critical element to meeting\nthese challenges and staying ready for the\nneeds of tomorrow. Control architectures using\nRockwell Automation hardware and software\nmake realizing the full potential of robots\neasier than ever. By connecting robots and\ncontrol systems via EtherNet\/IP, or combining\nthem into a unied system, manufacturers can\nrealize systems that reach operation faster and\nare more scalable, agile, and connected.<\/p><\/div><\/div><div class=\"wp-block-columns is-layout-flex wp-container-core-columns-is-layout-28f84493 wp-block-columns-is-layout-flex\"><div class=\"wp-block-column is-layout-flow wp-block-column-is-layout-flow\" style=\"flex-basis:33.33%\"><\/div>\n\n<div class=\"wp-block-column is-layout-flow wp-block-column-is-layout-flow\" style=\"flex-basis:66.66%\"><\/div><\/div>","protected":false},"excerpt":{"rendered":"<p>La r\u00e1pida evoluci\u00f3n tecnol\u00f3gica en sistemas de automatizaci\u00f3n industriales exige una mayor integraci\u00f3n entre los dispositivos en la planta y el resto de la empresa. Esta integraci\u00f3n requiere una infraestructura de red segura, dispositivos inteligentes para una eficiente recolecci\u00f3n de datos y la capacidad de convertir esos datos en informaci\u00f3n \u00fatil para la acci\u00f3n. La [&hellip;]<\/p>","protected":false},"author":1,"featured_media":0,"parent":559,"menu_order":0,"comment_status":"closed","ping_status":"closed","template":"","meta":{"advanced_seo_description":"","jetpack_seo_html_title":"","jetpack_seo_noindex":false,"_joinchat":[],"footnotes":""},"class_list":["post-509","page","type-page","status-publish","hentry"],"jetpack_sharing_enabled":true,"_links":{"self":[{"href":"https:\/\/fulltechnologysystems.com\/en\/wp-json\/wp\/v2\/pages\/509","targetHints":{"allow":["GET"]}}],"collection":[{"href":"https:\/\/fulltechnologysystems.com\/en\/wp-json\/wp\/v2\/pages"}],"about":[{"href":"https:\/\/fulltechnologysystems.com\/en\/wp-json\/wp\/v2\/types\/page"}],"author":[{"embeddable":true,"href":"https:\/\/fulltechnologysystems.com\/en\/wp-json\/wp\/v2\/users\/1"}],"replies":[{"embeddable":true,"href":"https:\/\/fulltechnologysystems.com\/en\/wp-json\/wp\/v2\/comments?post=509"}],"version-history":[{"count":8,"href":"https:\/\/fulltechnologysystems.com\/en\/wp-json\/wp\/v2\/pages\/509\/revisions"}],"predecessor-version":[{"id":526,"href":"https:\/\/fulltechnologysystems.com\/en\/wp-json\/wp\/v2\/pages\/509\/revisions\/526"}],"up":[{"embeddable":true,"href":"https:\/\/fulltechnologysystems.com\/en\/wp-json\/wp\/v2\/pages\/559"}],"wp:attachment":[{"href":"https:\/\/fulltechnologysystems.com\/en\/wp-json\/wp\/v2\/media?parent=509"}],"curies":[{"name":"wp","href":"https:\/\/api.w.org\/{rel}","templated":true}]}}