{"id":549,"date":"2025-01-27T17:51:27","date_gmt":"2025-01-27T17:51:27","guid":{"rendered":"https:\/\/fulltechnologysystems.com\/?page_id=549"},"modified":"2025-01-27T17:51:27","modified_gmt":"2025-01-27T17:51:27","slug":"sistemas-de-alimentacion-electrica","status":"publish","type":"page","link":"https:\/\/fulltechnologysystems.com\/en\/solutions\/automation\/control-systems\/sistemas-de-alimentacion-electrica\/","title":{"rendered":"Power Systems"},"content":{"rendered":"<p>Balancing the age of your plant with today\u2019s complex needs can be tricky. Aging infrastructure and equipment puts you at risk, and there will be a point where modernization is inevitable. With our Intelligent Packaged Power offering, we can provide simplified power and process packaging, access to device intelligence, and integration between process and electrical systems.<\/p><h2 class=\"wp-block-heading\">Extend The Connected Enterprise\u00ae<\/h2><p>By unifying two systems and creating one operating environment, you achieve visibility into the whole plant with one tool. With Intelligent Packaged Power, you can securely merge power management and controls environments into one suite of tools for maximum visibility.<\/p><hr class=\"wp-block-separator has-alpha-channel-opacity\"\/><div class=\"wp-block-columns is-layout-flex wp-container-core-columns-is-layout-28f84493 wp-block-columns-is-layout-flex\"><div class=\"wp-block-column is-layout-flow wp-block-column-is-layout-flow\"><p><strong>Intelligent\nPackaged\nPower\nSolutions<br><\/strong>Our Intelligent\nPackaged Power and\nprocess systems\nprovide better visibility\ninto plant operations,\nenabling better decision\nmaking.<\/p><\/div>\n\n<div class=\"wp-block-column is-layout-flow wp-block-column-is-layout-flow\"><p><strong>First Step to Total\nVisibility<br><\/strong>You can use our IntelliCENTER\u00ae Integration\nUnit to unify power and process systems within\nthe Logix and FactoryTalk\u00ae environments to\ncreate one operating environment.<\/p><\/div>\n\n<div class=\"wp-block-column is-layout-flow wp-block-column-is-layout-flow\"><p><strong>Start Building Your\nIntelligent Packaged\nPower Solution<br><\/strong>Use the Intelligent Packaged Power application\nto virtually package motor control and your\nelectrical distribution system. Then, use the\nenergy calculator to see your savings!<\/p><\/div><\/div><p><\/p>","protected":false},"excerpt":{"rendered":"<p>Puede ser complicado equilibrar la edad de la planta con las necesidades complejas de la actualidad. El equipo y la infraestructura antiguos lo ponen en riesgo, y llegar\u00e1 un momento en el que la modernizaci\u00f3n ser\u00e1 inevitable. Con nuestra oferta Intelligent Packaged Power, podemos brindar un paquete de proceso y potencia simplificado, acceso a la [&hellip;]<\/p>","protected":false},"author":1,"featured_media":0,"parent":559,"menu_order":0,"comment_status":"closed","ping_status":"closed","template":"","meta":{"advanced_seo_description":"","jetpack_seo_html_title":"","jetpack_seo_noindex":false,"_joinchat":[],"footnotes":""},"class_list":["post-549","page","type-page","status-publish","hentry"],"jetpack_sharing_enabled":true,"_links":{"self":[{"href":"https:\/\/fulltechnologysystems.com\/en\/wp-json\/wp\/v2\/pages\/549","targetHints":{"allow":["GET"]}}],"collection":[{"href":"https:\/\/fulltechnologysystems.com\/en\/wp-json\/wp\/v2\/pages"}],"about":[{"href":"https:\/\/fulltechnologysystems.com\/en\/wp-json\/wp\/v2\/types\/page"}],"author":[{"embeddable":true,"href":"https:\/\/fulltechnologysystems.com\/en\/wp-json\/wp\/v2\/users\/1"}],"replies":[{"embeddable":true,"href":"https:\/\/fulltechnologysystems.com\/en\/wp-json\/wp\/v2\/comments?post=549"}],"version-history":[{"count":2,"href":"https:\/\/fulltechnologysystems.com\/en\/wp-json\/wp\/v2\/pages\/549\/revisions"}],"predecessor-version":[{"id":572,"href":"https:\/\/fulltechnologysystems.com\/en\/wp-json\/wp\/v2\/pages\/549\/revisions\/572"}],"up":[{"embeddable":true,"href":"https:\/\/fulltechnologysystems.com\/en\/wp-json\/wp\/v2\/pages\/559"}],"wp:attachment":[{"href":"https:\/\/fulltechnologysystems.com\/en\/wp-json\/wp\/v2\/media?parent=549"}],"curies":[{"name":"wp","href":"https:\/\/api.w.org\/{rel}","templated":true}]}}