{"id":581,"date":"2025-01-27T18:17:01","date_gmt":"2025-01-27T18:17:01","guid":{"rendered":"https:\/\/fulltechnologysystems.com\/?page_id=581"},"modified":"2025-01-27T21:30:10","modified_gmt":"2025-01-27T21:30:10","slug":"sistemas-de-seguridad","status":"publish","type":"page","link":"https:\/\/fulltechnologysystems.com\/en\/solutions\/automation\/control-systems\/sistemas-de-seguridad\/","title":{"rendered":"Safety Systems"},"content":{"rendered":"<p>The protection of people, processes, and the surrounding environment remain a significant part of any automation strategy. There are hazards and risks with any industrial application and process safety is a major concern for anyone who works in the process industries. We provide a broad portfolio of solutions to meet your unique process safety requirements through our team of process and industry experts.<\/p><h4 class=\"wp-block-heading\">Safety Instrumented Systems Are Critical to Safe Operations<\/h4><p>There are fundamental steps to determine if your existing systems are acceptable. The first step would be to identify all safety instrumented functions and determine what level of performance they need to meet. This includes establishing the required safety integrity level (SIL) of each safety instrumented function (SIF).<\/p><div class=\"wp-block-columns is-layout-flex wp-container-core-columns-is-layout-28f84493 wp-block-columns-is-layout-flex\"><div class=\"wp-block-column is-layout-flow wp-block-column-is-layout-flow\"><div class=\"wp-block-columns is-layout-flex wp-container-core-columns-is-layout-28f84493 wp-block-columns-is-layout-flex\"><div class=\"wp-block-column is-layout-flow wp-block-column-is-layout-flow\"><h3 class=\"wp-block-heading\">Reliable, Effective Process Safety<\/h3>\n\n<figure class=\"wp-block-embed is-type-video is-provider-youtube wp-block-embed-youtube wp-embed-aspect-16-9 wp-has-aspect-ratio\"><div class=\"wp-block-embed__wrapper\">\n<iframe loading=\"lazy\" title=\"Sensia Corporate video\" width=\"500\" height=\"281\" src=\"https:\/\/www.youtube.com\/embed\/dgS_fGgSGpI?feature=oembed\" frameborder=\"0\" allow=\"accelerometer; autoplay; clipboard-write; encrypted-media; gyroscope; picture-in-picture; web-share\" referrerpolicy=\"strict-origin-when-cross-origin\" allowfullscreen><\/iframe>\n<\/div><\/figure>\n\n<h4 class=\"wp-block-heading\">Solutions for the Oil and Gas Industry<\/h4>\n\n<p>Sensia, a JV created by Rockwell Automation and Schlumberger in October 2019, has a team of knowledgeable engineers who understand the entire process safety lifecycle in the oil and gas industry. Years of experience in the design, deployment and maintenance of process safety systems enable Sensia to deliver a solution that helps you operate your plant efficiently without compromising safety.<\/p>\n\n<p>Sensia also provides a variety of engineering services that can help you reduce risk while helping keep projects on time and on budget.<\/p>\n\n<p>Sensia\u2019s integrated safety solutions include:<\/p>\n\n<ul class=\"wp-block-list\"><li>Process Safety Systems Design and Implementation<\/li>\n\n<li>Functional Safety for Process<\/li>\n\n<li>ICS Triplex\u00ae Legacy Support<sup>\u00ae<\/sup><\/li><\/ul><\/div><\/div><\/div>\n\n<div class=\"wp-block-column is-layout-flow wp-block-column-is-layout-flow\"><h3 class=\"wp-block-heading\">How to Upgrade Your Safety System<\/h3>\n\n<figure class=\"wp-block-image size-large\"><img loading=\"lazy\" decoding=\"async\" width=\"1024\" height=\"576\" src=\"https:\/\/fulltechnologysystems.com\/wp-content\/uploads\/2025\/01\/ProcessSafetySystems-1.3152-1-1024x576.webp\" alt=\"\" class=\"wp-image-601\" srcset=\"https:\/\/fulltechnologysystems.com\/wp-content\/uploads\/2025\/01\/ProcessSafetySystems-1.3152-1-1024x576.webp 1024w, https:\/\/fulltechnologysystems.com\/wp-content\/uploads\/2025\/01\/ProcessSafetySystems-1.3152-1-300x169.webp 300w, https:\/\/fulltechnologysystems.com\/wp-content\/uploads\/2025\/01\/ProcessSafetySystems-1.3152-1-768x432.webp 768w, https:\/\/fulltechnologysystems.com\/wp-content\/uploads\/2025\/01\/ProcessSafetySystems-1.3152-1-1536x864.webp 1536w, https:\/\/fulltechnologysystems.com\/wp-content\/uploads\/2025\/01\/ProcessSafetySystems-1.3152-1-2048x1152.webp 2048w\" sizes=\"auto, (max-width: 1024px) 100vw, 1024px\" \/><\/figure>\n\n<h4 class=\"wp-block-heading\">Modernization Strategy for Upgrading Safety Systems<\/h4>\n\n<p>Recent events in the process industries have emphasized the importance of maintaining the highest standards of safety. These events have spotlighted the potential worker, environmental, and business ramifications of a significant safety event. Companies and the operators who manage their production facilities demand the highest level of safety. This high level of safety helps protect personnel, the environment, and assets while maintaining maximum uptime and minimal operational disruption.<\/p><\/div><\/div><p><\/p>","protected":false},"excerpt":{"rendered":"<p>La protecci\u00f3n del personal, los procesos y el ambiente que los rodea sigue siendo una parte importante de cualquier estrategia de automatizaci\u00f3n. Hay peligros y riesgos en cualquier aplicaci\u00f3n industrial, y la seguridad del proceso es una preocupaci\u00f3n importante para cualquier persona que trabaje en las industrias de procesos. Proporcionamos una amplia cartera de soluciones [&hellip;]<\/p>","protected":false},"author":1,"featured_media":0,"parent":559,"menu_order":0,"comment_status":"closed","ping_status":"closed","template":"","meta":{"advanced_seo_description":"","jetpack_seo_html_title":"","jetpack_seo_noindex":false,"_joinchat":[],"footnotes":""},"class_list":["post-581","page","type-page","status-publish","hentry"],"jetpack_sharing_enabled":true,"_links":{"self":[{"href":"https:\/\/fulltechnologysystems.com\/en\/wp-json\/wp\/v2\/pages\/581","targetHints":{"allow":["GET"]}}],"collection":[{"href":"https:\/\/fulltechnologysystems.com\/en\/wp-json\/wp\/v2\/pages"}],"about":[{"href":"https:\/\/fulltechnologysystems.com\/en\/wp-json\/wp\/v2\/types\/page"}],"author":[{"embeddable":true,"href":"https:\/\/fulltechnologysystems.com\/en\/wp-json\/wp\/v2\/users\/1"}],"replies":[{"embeddable":true,"href":"https:\/\/fulltechnologysystems.com\/en\/wp-json\/wp\/v2\/comments?post=581"}],"version-history":[{"count":4,"href":"https:\/\/fulltechnologysystems.com\/en\/wp-json\/wp\/v2\/pages\/581\/revisions"}],"predecessor-version":[{"id":602,"href":"https:\/\/fulltechnologysystems.com\/en\/wp-json\/wp\/v2\/pages\/581\/revisions\/602"}],"up":[{"embeddable":true,"href":"https:\/\/fulltechnologysystems.com\/en\/wp-json\/wp\/v2\/pages\/559"}],"wp:attachment":[{"href":"https:\/\/fulltechnologysystems.com\/en\/wp-json\/wp\/v2\/media?parent=581"}],"curies":[{"name":"wp","href":"https:\/\/api.w.org\/{rel}","templated":true}]}}