{"id":607,"date":"2025-01-27T21:37:15","date_gmt":"2025-01-27T21:37:15","guid":{"rendered":"https:\/\/fulltechnologysystems.com\/?page_id=607"},"modified":"2025-01-27T21:44:12","modified_gmt":"2025-01-27T21:44:12","slug":"soluciones-de-paneles","status":"publish","type":"page","link":"https:\/\/fulltechnologysystems.com\/en\/solutions\/automation\/control-systems\/soluciones-de-paneles\/","title":{"rendered":"Panel Solutions"},"content":{"rendered":"<p>Designed, configured and built to your specifications, our packaged solutions are positioned to deliver the right technology, consistent design and repeatable manufacturing to meet your requirements. Choose from a variety of Pre-Engineered Hardware and Control Engineered Solutions to streamline your acquisition process, simplifying delivery and installation.<\/p><div class=\"wp-block-columns is-layout-flex wp-container-core-columns-is-layout-28f84493 wp-block-columns-is-layout-flex\"><div class=\"wp-block-column is-layout-flow wp-block-column-is-layout-flow\"><p><strong>Hardware Package<\/strong><\/p>\n\n<p>Select from a variety of standard options, pre-designed for easy selection, to meet the needs of the most common applications. Configure from pre-selected options or work with us to develop a custom-designed solution. In the end, you'll receive a complete package of solutions to help streamline your procurement process, simplify delivery and installation, and ease reordering and inventory.<\/p>\n\n<ul class=\"wp-block-list\"><li>Industrial Controls Package<\/li>\n\n<li>Pre-engineered solutions for hardware, power options, industrial controls and more.<\/li><\/ul><\/div>\n\n<div class=\"wp-block-column is-layout-flow wp-block-column-is-layout-flow\"><p><strong>Panel design and construction<\/strong><\/p>\n\n<p>Reduce time and cost when it comes to low voltage panel design and construction. Complexity in component selection, configuration and construction of multiple panels has been eliminated.  As simple as you provide your designs and specifications and we select the right components, complete the design and build your panel, leaving your team time to focus on other priorities.<\/p><\/div><\/div><figure class=\"wp-block-gallery has-nested-images columns-default is-cropped wp-block-gallery-1 is-layout-flex wp-block-gallery-is-layout-flex\"><figure class=\"wp-block-image size-large is-style-bk-box-shadow\" style=\"margin-top:0;margin-right:0;margin-bottom:0;margin-left:0\"><img loading=\"lazy\" decoding=\"async\" width=\"2560\" height=\"1707\" data-id=\"616\" src=\"https:\/\/fulltechnologysystems.com\/wp-content\/uploads\/2025\/01\/Automatizacion-edited-1-scaled.jpeg\" alt=\"\" class=\"wp-image-616\" srcset=\"https:\/\/fulltechnologysystems.com\/wp-content\/uploads\/2025\/01\/Automatizacion-edited-1-scaled.jpeg 2560w, https:\/\/fulltechnologysystems.com\/wp-content\/uploads\/2025\/01\/Automatizacion-edited-1-300x200.jpeg 300w, https:\/\/fulltechnologysystems.com\/wp-content\/uploads\/2025\/01\/Automatizacion-edited-1-1024x683.jpeg 1024w, https:\/\/fulltechnologysystems.com\/wp-content\/uploads\/2025\/01\/Automatizacion-edited-1-768x512.jpeg 768w, https:\/\/fulltechnologysystems.com\/wp-content\/uploads\/2025\/01\/Automatizacion-edited-1-1536x1024.jpeg 1536w, https:\/\/fulltechnologysystems.com\/wp-content\/uploads\/2025\/01\/Automatizacion-edited-1-2048x1365.jpeg 2048w\" sizes=\"auto, (max-width: 2560px) 100vw, 2560px\" \/><\/figure><\/figure>","protected":false},"excerpt":{"rendered":"<p>Dise\u00f1ados, configurados y construidos seg\u00fan sus especificaciones, nuestros paquetes de soluciones y servicios se preparan para proporcionar la tecnolog\u00eda adecuada, un dise\u00f1o uniforme y un proceso de fabricaci\u00f3n repetible; todo ello, para satisfacer sus requisitos. Elija entre una variedad de paquetes de soluciones, dise\u00f1ados previamente para optimizar su proceso de adquisici\u00f3n, simplificando la entrega y [&hellip;]<\/p>","protected":false},"author":1,"featured_media":0,"parent":559,"menu_order":0,"comment_status":"closed","ping_status":"closed","template":"","meta":{"advanced_seo_description":"","jetpack_seo_html_title":"","jetpack_seo_noindex":false,"_joinchat":[],"footnotes":""},"class_list":["post-607","page","type-page","status-publish","hentry"],"jetpack_sharing_enabled":true,"_links":{"self":[{"href":"https:\/\/fulltechnologysystems.com\/en\/wp-json\/wp\/v2\/pages\/607","targetHints":{"allow":["GET"]}}],"collection":[{"href":"https:\/\/fulltechnologysystems.com\/en\/wp-json\/wp\/v2\/pages"}],"about":[{"href":"https:\/\/fulltechnologysystems.com\/en\/wp-json\/wp\/v2\/types\/page"}],"author":[{"embeddable":true,"href":"https:\/\/fulltechnologysystems.com\/en\/wp-json\/wp\/v2\/users\/1"}],"replies":[{"embeddable":true,"href":"https:\/\/fulltechnologysystems.com\/en\/wp-json\/wp\/v2\/comments?post=607"}],"version-history":[{"count":6,"href":"https:\/\/fulltechnologysystems.com\/en\/wp-json\/wp\/v2\/pages\/607\/revisions"}],"predecessor-version":[{"id":617,"href":"https:\/\/fulltechnologysystems.com\/en\/wp-json\/wp\/v2\/pages\/607\/revisions\/617"}],"up":[{"embeddable":true,"href":"https:\/\/fulltechnologysystems.com\/en\/wp-json\/wp\/v2\/pages\/559"}],"wp:attachment":[{"href":"https:\/\/fulltechnologysystems.com\/en\/wp-json\/wp\/v2\/media?parent=607"}],"curies":[{"name":"wp","href":"https:\/\/api.w.org\/{rel}","templated":true}]}}